{"id":113,"date":"2014-11-05T20:07:16","date_gmt":"2014-11-05T21:07:16","guid":{"rendered":"http:\/\/www.femtielva.se\/?page_id=113"},"modified":"2015-01-04T15:27:25","modified_gmt":"2015-01-04T16:27:25","slug":"uppdrag","status":"publish","type":"page","link":"https:\/\/www.femtielva.se\/?page_id=113","title":{"rendered":"Uppdrag som varit"},"content":{"rendered":"<p><a href=\"https:\/\/www.femtielva.se\/wp-content\/uploads\/2014\/12\/GKKK-n\u00e5l-hedersn\u00e5l-2.jpg\"><img loading=\"lazy\" decoding=\"async\" class=\"alignright wp-image-1670 size-thumbnail\" src=\"https:\/\/www.femtielva.se\/wp-content\/uploads\/2014\/12\/GKKK-n\u00e5l-hedersn\u00e5l-2-150x150.jpg\" alt=\"GKKK n\u00e5l hedersn\u00e5l 2\" width=\"150\" height=\"150\" \/><\/a>Jag har som sagt haft lite olika uppdrag i n\u00e5gra olika sammanhang.<br \/>\nI Gymnastikklubben var jag styrelseledamot och kass\u00f6r under stor del av min tid d\u00e4r.<\/p>\n<p>&nbsp;<\/p>\n<p>Under \u00e5ren i Hemlins startade vi en lokal Sif-klubb d\u00e4r jag i kraft av att sett mest skevheter blev dess ordf\u00f6rande. Men i en liten klubb blir man allt annat ocks\u00e5, som l\u00f6nef\u00f6rhandlare, MBL-f\u00f6rhandlare och Bolagsstyrelserepresentant.<\/p>\n<p><a href=\"https:\/\/www.femtielva.se\/wp-content\/uploads\/2014\/11\/vk-sif-1.jpg\"><img loading=\"lazy\" decoding=\"async\" class=\"alignright wp-image-2927\" src=\"https:\/\/www.femtielva.se\/wp-content\/uploads\/2014\/11\/vk-sif-1-300x192.jpg\" alt=\"vk-sif-1\" width=\"150\" height=\"96\" srcset=\"https:\/\/www.femtielva.se\/wp-content\/uploads\/2014\/11\/vk-sif-1-300x192.jpg 300w, https:\/\/www.femtielva.se\/wp-content\/uploads\/2014\/11\/vk-sif-1.jpg 989w\" sizes=\"auto, (max-width: 150px) 100vw, 150px\" \/><\/a>N\u00e4r jag sedan varit n\u00e5got \u00e5r p\u00e5 Ericsson f\u00e5r jag fr\u00e5gan igen om jag vill vara med och f\u00f6retr\u00e4da Sif-klubben. Det ville jag och det utvecklades hela tiden s\u00e5 p\u00e5 slutet kunde jag r\u00e4kna ihop 10+ olika roller, (1) Klubbstyrelseledamot, (2) Vice klubbordf\u00f6rande, (3) Kass\u00f6r, (4) Web-ansvarig, (5) MBL-f\u00f6rhandlare och (6) l\u00f6nef\u00f6rhandlare p\u00e5 den st\u00f6rsta organisationsgrenen p\u00e5 Ericsson, (7) Styrelseledamot i Sif\u00b4s\/Unionens SAM-organisation med till\u00e4ggsrollerna informat\u00f6r, sekreterare och d\u00e4rmed del av arbetsutskottet. Vidare med i (8) representantskapet f\u00f6r Unionen p\u00e5 Ericsson i Sverige samt (9) F\u00f6rs\u00e4kringsinformat\u00f6r f\u00f6r PTK och (10) Kongressombud f\u00f6r Sif\/Unionen Stockholm under 4 kongresser.<br \/>\nMao en riktig fackpamp.<\/p>\n<p><a href=\"https:\/\/www.femtielva.se\/wp-content\/uploads\/2014\/11\/hemva\u0308rnet.jpg\"><img loading=\"lazy\" decoding=\"async\" class=\"alignright wp-image-2926\" src=\"https:\/\/www.femtielva.se\/wp-content\/uploads\/2014\/11\/hemva\u0308rnet-250x300.jpg\" alt=\"hemva\u0308rnet\" width=\"150\" height=\"179\" srcset=\"https:\/\/www.femtielva.se\/wp-content\/uploads\/2014\/11\/hemva\u0308rnet-250x300.jpg 250w, https:\/\/www.femtielva.se\/wp-content\/uploads\/2014\/11\/hemva\u0308rnet-856x1024.jpg 856w, https:\/\/www.femtielva.se\/wp-content\/uploads\/2014\/11\/hemva\u0308rnet.jpg 920w\" sizes=\"auto, (max-width: 150px) 100vw, 150px\" \/><\/a><br \/>\nOch i Hemv\u00e4rnet som ju \u00e4r frivilligt var jag Gruppchef och Plutonchef, och en v\u00e4ldigt aktiv s\u00e5dan.<\/p>\n","protected":false},"excerpt":{"rendered":"<p>Jag har som sagt haft lite olika uppdrag i n\u00e5gra olika sammanhang. I Gymnastikklubben var jag styrelseledamot och kass\u00f6r under stor del av min tid d\u00e4r. &nbsp; Under \u00e5ren i Hemlins startade vi en lokal Sif-klubb d\u00e4r jag i kraft av att sett mest skevheter blev dess ordf\u00f6rande. Men i en liten klubb blir man &hellip; <a href=\"https:\/\/www.femtielva.se\/?page_id=113\" class=\"more-link\">Forts\u00e4tt l\u00e4sa <span class=\"screen-reader-text\">Uppdrag som varit<\/span> <span class=\"meta-nav\">&rarr;<\/span><\/a><\/p>\n","protected":false},"author":2,"featured_media":0,"parent":0,"menu_order":0,"comment_status":"open","ping_status":"closed","template":"","meta":{"ngg_post_thumbnail":0,"footnotes":""},"class_list":["post-113","page","type-page","status-publish","hentry"],"_links":{"self":[{"href":"https:\/\/www.femtielva.se\/index.php?rest_route=\/wp\/v2\/pages\/113","targetHints":{"allow":["GET"]}}],"collection":[{"href":"https:\/\/www.femtielva.se\/index.php?rest_route=\/wp\/v2\/pages"}],"about":[{"href":"https:\/\/www.femtielva.se\/index.php?rest_route=\/wp\/v2\/types\/page"}],"author":[{"embeddable":true,"href":"https:\/\/www.femtielva.se\/index.php?rest_route=\/wp\/v2\/users\/2"}],"replies":[{"embeddable":true,"href":"https:\/\/www.femtielva.se\/index.php?rest_route=%2Fwp%2Fv2%2Fcomments&post=113"}],"version-history":[{"count":4,"href":"https:\/\/www.femtielva.se\/index.php?rest_route=\/wp\/v2\/pages\/113\/revisions"}],"predecessor-version":[{"id":2929,"href":"https:\/\/www.femtielva.se\/index.php?rest_route=\/wp\/v2\/pages\/113\/revisions\/2929"}],"wp:attachment":[{"href":"https:\/\/www.femtielva.se\/index.php?rest_route=%2Fwp%2Fv2%2Fmedia&parent=113"}],"curies":[{"name":"wp","href":"https:\/\/api.w.org\/{rel}","templated":true}]}}