{"id":115,"date":"2014-11-05T20:14:33","date_gmt":"2014-11-05T21:14:33","guid":{"rendered":"http:\/\/www.femtielva.se\/?page_id=115"},"modified":"2015-01-04T15:27:34","modified_gmt":"2015-01-04T16:27:34","slug":"utbildning","status":"publish","type":"page","link":"https:\/\/www.femtielva.se\/?page_id=115","title":{"rendered":"Utbildningar &#038; Kurser"},"content":{"rendered":"<h2>Mina utbildningar \u00e4r:<\/h2>\n<ul>\n<li>Enstaka kurser p\u00e5 KTH mellan 1994 \u2013 idag\u00a0\u00a0 \u00a0ca 50 p<\/li>\n<li>Kurs p\u00e5 MiROi i \u00e4mnena UNIX, C\/C++, 25 veckor 1994<\/li>\n<li>Kurs i elektronisk konstruktion p\u00e5 SIFU, 30 v 1972-1973<\/li>\n<li>V\u00e4rnpliktig Underofficer p\u00e5 Luftv\u00e4rn. 15 m\u00e5nader i Norrt\u00e4lje och Visby 1971-1972<\/li>\n<li>4-\u00e5rigt Tekniskt gymnasium el\/tele, \u00c5s\u00f6 Gymnasium 1967-71<\/li>\n<\/ul>\n<h2>Kurserna har behandlat &#8230;<\/h2>\n<ul>\n<li>M\u00e5nga kurser i fackliga och samh\u00e4lliga fr\u00e5gor, bl.a kring EU av SIF, TCO och Unionen 1974-2010.<\/li>\n<li>Databaser och XML, KTH 2005<\/li>\n<li>Introduktion till GPS-teknik p\u00e5 KTH, 2004<\/li>\n<li>Milj\u00f6effekter och Milj\u00f6strategier p\u00e5 KTH, 2004<\/li>\n<li>2 st kurser i argumentationsanalys \/ retorik p\u00e5 Bergendals via SIF\/TCO under 2001-2<\/li>\n<li>Kurser inom Mobilsystem, N\u00e4tverk, Dokumenthantering, Unix\/Linux\/Windows Access, Web-redigering &#8230;.., 1996 -2010<\/li>\n<li>Kurser i ledarskap genom F\u00f6rsvaret\/Hemv\u00e4rnet f\u00f6r grupp och plutonchefer. 1991 -1998<\/li>\n<li>Kurser p\u00e5 KTH i Kognitionspsykologi, Programvaruutveckling, Informationssystemsutveckling, Databasdesign, IR fysik och teknik. 1993 -1995<\/li>\n<li>Produktkurser i USA och England, totalt 20 tillf\u00e4llen och 50 veckor 1973 till 1989<\/li>\n<li>Div. andra kurser i programmering, kommunikation och CPU kretsar hos Digital, Motorola, Apple, Lexicon &#8230; 80 talet<\/li>\n<li>ett flertal till ej slutf\u00f6rda kurser p\u00e5 KTH kring CAD, N\u00e4tverk, Industrihistoria, Samh\u00e4llsplanering med resurshush\u00e5llning, \u00d6st och Centraleuropas politiska historia, Bra och d\u00e5lig forskning eller qvasivetenskap.<\/li>\n<\/ul>\n<p>&nbsp;<\/p>\n<p>&nbsp;<\/p>\n","protected":false},"excerpt":{"rendered":"<p>Mina utbildningar \u00e4r: Enstaka kurser p\u00e5 KTH mellan 1994 \u2013 idag\u00a0\u00a0 \u00a0ca 50 p Kurs p\u00e5 MiROi i \u00e4mnena UNIX, C\/C++, 25 veckor 1994 Kurs i elektronisk konstruktion p\u00e5 SIFU, 30 v 1972-1973 V\u00e4rnpliktig Underofficer p\u00e5 Luftv\u00e4rn. 15 m\u00e5nader i Norrt\u00e4lje och Visby 1971-1972 4-\u00e5rigt Tekniskt gymnasium el\/tele, \u00c5s\u00f6 Gymnasium 1967-71 Kurserna har behandlat &#8230; &hellip; <a href=\"https:\/\/www.femtielva.se\/?page_id=115\" class=\"more-link\">Forts\u00e4tt l\u00e4sa <span class=\"screen-reader-text\">Utbildningar &#038; Kurser<\/span> <span class=\"meta-nav\">&rarr;<\/span><\/a><\/p>\n","protected":false},"author":2,"featured_media":0,"parent":0,"menu_order":0,"comment_status":"open","ping_status":"closed","template":"","meta":{"ngg_post_thumbnail":0,"footnotes":""},"class_list":["post-115","page","type-page","status-publish","hentry"],"_links":{"self":[{"href":"https:\/\/www.femtielva.se\/index.php?rest_route=\/wp\/v2\/pages\/115","targetHints":{"allow":["GET"]}}],"collection":[{"href":"https:\/\/www.femtielva.se\/index.php?rest_route=\/wp\/v2\/pages"}],"about":[{"href":"https:\/\/www.femtielva.se\/index.php?rest_route=\/wp\/v2\/types\/page"}],"author":[{"embeddable":true,"href":"https:\/\/www.femtielva.se\/index.php?rest_route=\/wp\/v2\/users\/2"}],"replies":[{"embeddable":true,"href":"https:\/\/www.femtielva.se\/index.php?rest_route=%2Fwp%2Fv2%2Fcomments&post=115"}],"version-history":[{"count":1,"href":"https:\/\/www.femtielva.se\/index.php?rest_route=\/wp\/v2\/pages\/115\/revisions"}],"predecessor-version":[{"id":1547,"href":"https:\/\/www.femtielva.se\/index.php?rest_route=\/wp\/v2\/pages\/115\/revisions\/1547"}],"wp:attachment":[{"href":"https:\/\/www.femtielva.se\/index.php?rest_route=%2Fwp%2Fv2%2Fmedia&parent=115"}],"curies":[{"name":"wp","href":"https:\/\/api.w.org\/{rel}","templated":true}]}}