{"id":119,"date":"2014-11-05T20:20:33","date_gmt":"2014-11-05T21:20:33","guid":{"rendered":"http:\/\/www.femtielva.se\/?page_id=119"},"modified":"2015-02-08T16:15:04","modified_gmt":"2015-02-08T17:15:04","slug":"jobben","status":"publish","type":"page","link":"https:\/\/www.femtielva.se\/?page_id=119","title":{"rendered":"Jobben och lite till"},"content":{"rendered":"<p>H\u00e4r \u00e4r de f\u00f6retag jag jobbat f\u00f6r och i,\u00a0 i kronologisk ordning. F\u00f6r att inte sidan skall bli f\u00f6r l\u00e5ng \u00e4r det uppdelat i var sin sida, (n\u00e4stan).<\/p>\n<ul>\n<li><strong><a title=\"Hemlins AB\" href=\"https:\/\/www.femtielva.se\/?page_id=877\">J W Hemlins<\/a> (1973-86, min tid d\u00e4r )<\/strong> Mekverkstaden som klev in i rymd\u00e5lderns teknik<\/li>\n<li><strong>VJ Hemlins (1980-86)<\/strong> samma anst\u00e4llning som forts\u00e4tter<\/li>\n<li><strong><a title=\"Crosfield\" href=\"https:\/\/www.femtielva.se\/?page_id=879\">Crosfield AB<\/a> (1986-87) <\/strong>Ett f\u00f6retag f\u00f6r\u00a0f\u00e4rgbild i tryck som aff\u00e4rsid\u00e9<\/li>\n<li><strong><a title=\"Philips AB \u2013 PEAB\" href=\"https:\/\/www.femtielva.se\/?page_id=881\">Philips Elektronikindustrier AB <\/a>(1987-88)<\/strong> En av Sveriges framg\u00e5ngsrika f\u00f6rsvarsindustrier<\/li>\n<li><strong><a title=\"AM International\" href=\"https:\/\/www.femtielva.se\/?page_id=886\">AM International AB (<\/a>1988-93)<\/strong> En grafisk dinosaur, dvs en g\u00e5ng stor men numera utd\u00f6d<\/li>\n<li><strong><a title=\"Latronix\" href=\"https:\/\/www.femtielva.se\/?page_id=887\">Latronix AB <\/a>(1995-96)<\/strong> Litet teknikbolag centrerat kring laser,optik och str\u00e5lning.<\/li>\n<li><strong><a title=\"Ericsson AB\" href=\"https:\/\/www.femtielva.se\/?page_id=888\">Ericsson Radio Access AB <\/a>(1996-2011)<\/strong>\u00a0Ett f\u00f6retag som var mitt i NMT\u00b4s utveckling.<\/li>\n<li><strong>Ericsson Radio System, <\/strong>SRA &#8211; divisionen som drev utvecklingen av mobilsystem<\/li>\n<li><strong>Ericsson Test Environment,<\/strong> bolagen som sattes upp f\u00f6r att r\u00e4dda Ericsson<\/li>\n<li><strong>Ericsson AB,<\/strong> Det svenska bolaget i koncernen.<\/li>\n<li><\/li>\n<\/ul>\n","protected":false},"excerpt":{"rendered":"<p>H\u00e4r \u00e4r de f\u00f6retag jag jobbat f\u00f6r och i,\u00a0 i kronologisk ordning. F\u00f6r att inte sidan skall bli f\u00f6r l\u00e5ng \u00e4r det uppdelat i var sin sida, (n\u00e4stan). J W Hemlins (1973-86, min tid d\u00e4r ) Mekverkstaden som klev in i rymd\u00e5lderns teknik VJ Hemlins (1980-86) samma anst\u00e4llning som forts\u00e4tter Crosfield AB (1986-87) Ett f\u00f6retag &hellip; <a href=\"https:\/\/www.femtielva.se\/?page_id=119\" class=\"more-link\">Forts\u00e4tt l\u00e4sa <span class=\"screen-reader-text\">Jobben och lite till<\/span> <span class=\"meta-nav\">&rarr;<\/span><\/a><\/p>\n","protected":false},"author":2,"featured_media":0,"parent":69,"menu_order":0,"comment_status":"open","ping_status":"closed","template":"","meta":{"ngg_post_thumbnail":0,"footnotes":""},"class_list":["post-119","page","type-page","status-publish","hentry"],"_links":{"self":[{"href":"https:\/\/www.femtielva.se\/index.php?rest_route=\/wp\/v2\/pages\/119","targetHints":{"allow":["GET"]}}],"collection":[{"href":"https:\/\/www.femtielva.se\/index.php?rest_route=\/wp\/v2\/pages"}],"about":[{"href":"https:\/\/www.femtielva.se\/index.php?rest_route=\/wp\/v2\/types\/page"}],"author":[{"embeddable":true,"href":"https:\/\/www.femtielva.se\/index.php?rest_route=\/wp\/v2\/users\/2"}],"replies":[{"embeddable":true,"href":"https:\/\/www.femtielva.se\/index.php?rest_route=%2Fwp%2Fv2%2Fcomments&post=119"}],"version-history":[{"count":5,"href":"https:\/\/www.femtielva.se\/index.php?rest_route=\/wp\/v2\/pages\/119\/revisions"}],"predecessor-version":[{"id":4258,"href":"https:\/\/www.femtielva.se\/index.php?rest_route=\/wp\/v2\/pages\/119\/revisions\/4258"}],"up":[{"embeddable":true,"href":"https:\/\/www.femtielva.se\/index.php?rest_route=\/wp\/v2\/pages\/69"}],"wp:attachment":[{"href":"https:\/\/www.femtielva.se\/index.php?rest_route=%2Fwp%2Fv2%2Fmedia&parent=119"}],"curies":[{"name":"wp","href":"https:\/\/api.w.org\/{rel}","templated":true}]}}