{"id":123,"date":"2014-11-05T20:25:48","date_gmt":"2014-11-05T21:25:48","guid":{"rendered":"http:\/\/www.femtielva.se\/?page_id=123"},"modified":"2015-04-27T20:30:15","modified_gmt":"2015-04-27T21:30:15","slug":"skapa","status":"publish","type":"page","link":"https:\/\/www.femtielva.se\/?page_id=123","title":{"rendered":"Skapa, Fixa och Designa"},"content":{"rendered":"<h2>Skapa och fixa prylar och moj\u00e4nger<\/h2>\n<p>Med ett litet a och 5or i sl\u00f6jd hade jag f\u00e5tt ett kvitto p\u00e5 att jag var r\u00e4tt bra med h\u00e4nder och fingrar och det var nog vad man f\u00f6rv\u00e4ntade sig med tv\u00e5 f\u00f6r\u00e4ldrar som varit p\u00e5 topp i sin skola i sl\u00f6jd.\u00a0 Men ocks\u00e5 att rita eller kl\u00e4cka id\u00e9erna till n\u00e5got att g\u00f6ra. Och jag hade en verkstad f\u00f6r m\u00f6bler hos min pappa och en annan f\u00f6r metallarbeten hos min farbror att tillg\u00e5 innan jag hunnit samla ihop till en egen snickarboa. Vid olika tillf\u00e4llen under \u00e5ren la jag mycket tid i dessa verkst\u00e4der, och jag hj\u00e4lpte \u00e4ven pappa med vissa jobb i hans tapetserarverkstad. P\u00e5 den tiden renoverade man m\u00f6blerna.<br \/>\nN\u00e4r jag var med i Hemv\u00e4rnet gjorde jag en stridsv\u00e4st, AK4 kikarf\u00e4ste, en h\u00e5rd v\u00e4ska till vapnet och en l\u00f6sning f\u00f6r att montera en Maglite ficklampa p\u00e5 vapnet som fungerade i anv\u00e4ndandet. Har inga bilder p\u00e5 detta d\u00e5 vi inte skyltade med s\u00e5dant.<\/p>\n<div id=\"jig1\" class=\"justified-image-grid jig-26374de13fa3bfc27dad586b29916fb1 jig-preset-global jig-source-nextgen\"><div class=\"jig-clearfix\"><\/div><noscript id=\"jig1-html\" class=\"justified-image-grid-html\" data-lazy-src=\"skiplazyload\" data-src=\"skipunveillazyload\"><ul><li><a href=\"https:\/\/www.femtielva.se\/wp-content\/gallery\/skapelser\/DSCF0460.JPG\" title=\"DSCF0460\"><img loading=\"lazy\" decoding=\"async\" src=\"https:\/\/www.femtielva.se\/wp-content\/plugins\/justified-image-grid\/timthumb.php?src=https%3A%2F%2Fwww.femtielva.se%2Fwp-content%2Fgallery%2Fskapelser%2FDSCF0460.JPG&amp;h=230&amp;q=80&amp;f=.JPG\" alt=\"spillved\" width=\"345\" height=\"230\" \/><\/a><p class=\"jig-HTMLdescription\">spillved<br\/>DSCF0460<\/p><\/li><li><a href=\"https:\/\/www.femtielva.se\/wp-content\/gallery\/skapelser\/byr\u00e5-9.jpg\"><img loading=\"lazy\" decoding=\"async\" src=\"https:\/\/www.femtielva.se\/wp-content\/plugins\/justified-image-grid\/timthumb.php?src=https%3A%2F%2Fwww.femtielva.se%2Fwp-content%2Fgallery%2Fskapelser%2Fbyr%C3%A5-9.jpg&amp;h=230&amp;q=80&amp;f=.jpg\" alt=\"byr\u00e5 p\u00e5 gr\u00f6nbete\" width=\"253\" height=\"230\" \/><\/a><p class=\"jig-HTMLdescription\">byr\u00e5 p\u00e5 gr\u00f6nbete<\/p><\/li><li><a href=\"https:\/\/www.femtielva.se\/wp-content\/gallery\/skapelser\/DSCN2589.JPG\" title=\"DSCN2589\"><img loading=\"lazy\" decoding=\"async\" src=\"https:\/\/www.femtielva.se\/wp-content\/plugins\/justified-image-grid\/timthumb.php?src=https%3A%2F%2Fwww.femtielva.se%2Fwp-content%2Fgallery%2Fskapelser%2FDSCN2589.JPG&amp;h=230&amp;q=80&amp;f=.JPG\" alt=\"fotov\u00e4ska\" width=\"306\" height=\"230\" \/><\/a><p class=\"jig-HTMLdescription\">fotov\u00e4ska<br\/>DSCN2589<\/p><\/li><li><a href=\"https:\/\/www.femtielva.se\/wp-content\/gallery\/skapelser\/DSCN2556.JPG\" title=\"DSCN2556\"><img loading=\"lazy\" decoding=\"async\" src=\"https:\/\/www.femtielva.se\/wp-content\/plugins\/justified-image-grid\/timthumb.php?src=https%3A%2F%2Fwww.femtielva.se%2Fwp-content%2Fgallery%2Fskapelser%2FDSCN2556.JPG&amp;h=230&amp;q=80&amp;f=.JPG\" alt=\"fotov\u00e4ska\" width=\"306\" height=\"230\" \/><\/a><p class=\"jig-HTMLdescription\">fotov\u00e4ska<br\/>DSCN2556<\/p><\/li><li><a href=\"https:\/\/www.femtielva.se\/wp-content\/gallery\/skapelser\/DSCN2557.JPG\" title=\"DSCN2557\"><img loading=\"lazy\" decoding=\"async\" src=\"https:\/\/www.femtielva.se\/wp-content\/plugins\/justified-image-grid\/timthumb.php?src=https%3A%2F%2Fwww.femtielva.se%2Fwp-content%2Fgallery%2Fskapelser%2FDSCN2557.JPG&amp;h=230&amp;q=80&amp;f=.JPG\" alt=\"detalj\" width=\"306\" height=\"230\" \/><\/a><p class=\"jig-HTMLdescription\">detalj<br\/>DSCN2557<\/p><\/li><li><a href=\"https:\/\/www.femtielva.se\/wp-content\/gallery\/skapelser\/DSCN2558.JPG\" title=\"DSCN2558\"><img loading=\"lazy\" decoding=\"async\" src=\"https:\/\/www.femtielva.se\/wp-content\/plugins\/justified-image-grid\/timthumb.php?src=https%3A%2F%2Fwww.femtielva.se%2Fwp-content%2Fgallery%2Fskapelser%2FDSCN2558.JPG&amp;h=230&amp;q=80&amp;f=.JPG\" alt=\"detalj\" width=\"306\" height=\"230\" \/><\/a><p class=\"jig-HTMLdescription\">detalj<br\/>DSCN2558<\/p><\/li><li><a href=\"https:\/\/www.femtielva.se\/wp-content\/gallery\/skapelser\/DSCN2561.JPG\" title=\"DSCN2561\"><img loading=\"lazy\" decoding=\"async\" src=\"https:\/\/www.femtielva.se\/wp-content\/plugins\/justified-image-grid\/timthumb.php?src=https%3A%2F%2Fwww.femtielva.se%2Fwp-content%2Fgallery%2Fskapelser%2FDSCN2561.JPG&amp;h=230&amp;q=80&amp;f=.JPG\" alt=\"vinklar\" width=\"306\" height=\"230\" \/><\/a><p class=\"jig-HTMLdescription\">vinklar<br\/>DSCN2561<\/p><\/li><li><a href=\"https:\/\/www.femtielva.se\/wp-content\/gallery\/skapelser\/DSCF3952.jpg\" title=\"f\u00f6r karta\"><img loading=\"lazy\" decoding=\"async\" src=\"https:\/\/www.femtielva.se\/wp-content\/plugins\/justified-image-grid\/timthumb.php?src=https%3A%2F%2Fwww.femtielva.se%2Fwp-content%2Fgallery%2Fskapelser%2FDSCF3952.jpg&amp;h=230&amp;q=80&amp;f=.jpg\" alt=\"Ipadh\u00e5llare\" width=\"400\" height=\"230\" \/><\/a><p class=\"jig-HTMLdescription\">Ipadh\u00e5llare<br\/>f\u00f6r karta<\/p><\/li><li><a href=\"https:\/\/www.femtielva.se\/wp-content\/gallery\/skapelser\/bg19-10.jpg\"><img loading=\"lazy\" decoding=\"async\" src=\"https:\/\/www.femtielva.se\/wp-content\/plugins\/justified-image-grid\/timthumb.php?src=https%3A%2F%2Fwww.femtielva.se%2Fwp-content%2Fgallery%2Fskapelser%2Fbg19-10.jpg&amp;h=230&amp;q=80&amp;f=.jpg\" alt=\"bg19-10\" width=\"352\" height=\"230\" \/><\/a><p class=\"jig-HTMLdescription\">bg19-10<\/p><\/li><li><a href=\"https:\/\/www.femtielva.se\/wp-content\/gallery\/skapelser\/bg19-6.jpg\"><img loading=\"lazy\" decoding=\"async\" src=\"https:\/\/www.femtielva.se\/wp-content\/plugins\/justified-image-grid\/timthumb.php?src=https%3A%2F%2Fwww.femtielva.se%2Fwp-content%2Fgallery%2Fskapelser%2Fbg19-6.jpg&amp;h=230&amp;q=80&amp;f=.jpg\" alt=\"bg19-6\" width=\"151\" height=\"230\" \/><\/a><p class=\"jig-HTMLdescription\">bg19-6<\/p><\/li><li><a href=\"https:\/\/www.femtielva.se\/wp-content\/gallery\/skapelser\/bg19-4.jpg\"><img loading=\"lazy\" decoding=\"async\" src=\"https:\/\/www.femtielva.se\/wp-content\/plugins\/justified-image-grid\/timthumb.php?src=https%3A%2F%2Fwww.femtielva.se%2Fwp-content%2Fgallery%2Fskapelser%2Fbg19-4.jpg&amp;h=230&amp;q=80&amp;f=.jpg\" alt=\"bg19-4\" width=\"349\" height=\"230\" \/><\/a><p class=\"jig-HTMLdescription\">bg19-4<\/p><\/li><li><a href=\"https:\/\/www.femtielva.se\/wp-content\/gallery\/skapelser\/bg19-1.jpg\"><img loading=\"lazy\" decoding=\"async\" src=\"https:\/\/www.femtielva.se\/wp-content\/plugins\/justified-image-grid\/timthumb.php?src=https%3A%2F%2Fwww.femtielva.se%2Fwp-content%2Fgallery%2Fskapelser%2Fbg19-1.jpg&amp;h=230&amp;q=80&amp;f=.jpg\" alt=\"bg19-1\" width=\"340\" height=\"230\" \/><\/a><p class=\"jig-HTMLdescription\">bg19-1<\/p><\/li><li><a href=\"https:\/\/www.femtielva.se\/wp-content\/gallery\/skapelser\/bg19-11.jpg\"><img loading=\"lazy\" decoding=\"async\" src=\"https:\/\/www.femtielva.se\/wp-content\/plugins\/justified-image-grid\/timthumb.php?src=https%3A%2F%2Fwww.femtielva.se%2Fwp-content%2Fgallery%2Fskapelser%2Fbg19-11.jpg&amp;h=230&amp;q=80&amp;f=.jpg\" alt=\"bg19-11\" width=\"352\" height=\"230\" \/><\/a><p class=\"jig-HTMLdescription\">bg19-11<\/p><\/li><li><a href=\"https:\/\/www.femtielva.se\/wp-content\/gallery\/skapelser\/1_bg19-4.jpg\"><img loading=\"lazy\" decoding=\"async\" src=\"https:\/\/www.femtielva.se\/wp-content\/plugins\/justified-image-grid\/timthumb.php?src=https%3A%2F%2Fwww.femtielva.se%2Fwp-content%2Fgallery%2Fskapelser%2F1_bg19-4.jpg&amp;h=230&amp;q=80&amp;f=.jpg\" alt=\"1_bg19-4\" width=\"349\" height=\"230\" \/><\/a><p class=\"jig-HTMLdescription\">1_bg19-4<\/p><\/li><li><a href=\"https:\/\/www.femtielva.se\/wp-content\/gallery\/skapelser\/fotova\u0308ska-2b.jpg\"><img loading=\"lazy\" decoding=\"async\" src=\"https:\/\/www.femtielva.se\/wp-content\/plugins\/justified-image-grid\/timthumb.php?src=https%3A%2F%2Fwww.femtielva.se%2Fwp-content%2Fgallery%2Fskapelser%2Ffotova%CC%88ska-2b.jpg&amp;h=230&amp;q=80&amp;f=.jpg\" alt=\"fotov\u00e4ska #2\" width=\"330\" height=\"230\" \/><\/a><p class=\"jig-HTMLdescription\">fotov\u00e4ska #2<\/p><\/li><li><a href=\"https:\/\/www.femtielva.se\/wp-content\/gallery\/skapelser\/haj-1.jpg\"><img loading=\"lazy\" decoding=\"async\" src=\"https:\/\/www.femtielva.se\/wp-content\/plugins\/justified-image-grid\/timthumb.php?src=https%3A%2F%2Fwww.femtielva.se%2Fwp-content%2Fgallery%2Fskapelser%2Fhaj-1.jpg&amp;h=230&amp;q=80&amp;f=.jpg\" alt=\"en skolhaj - det hajar man ju\" width=\"440\" height=\"230\" \/><\/a><p class=\"jig-HTMLdescription\">en skolhaj - det hajar man ju<\/p><\/li><li><a href=\"https:\/\/www.femtielva.se\/wp-content\/gallery\/skapelser\/sterio-1.jpg\"><img loading=\"lazy\" decoding=\"async\" src=\"https:\/\/www.femtielva.se\/wp-content\/plugins\/justified-image-grid\/timthumb.php?src=https%3A%2F%2Fwww.femtielva.se%2Fwp-content%2Fgallery%2Fskapelser%2Fsterio-1.jpg&amp;h=230&amp;q=80&amp;f=.jpg\" alt=\"sterio #1\" width=\"351\" height=\"230\" \/><\/a><p class=\"jig-HTMLdescription\">sterio #1<\/p><\/li><li><a href=\"https:\/\/www.femtielva.se\/wp-content\/gallery\/skapelser\/sterio-2a.jpg\" title=\"Revox, AR, Crown och Bose - inte s\u00e5 pj\u00e5kigt p\u00e5 60-talet\"><img loading=\"lazy\" decoding=\"async\" src=\"https:\/\/www.femtielva.se\/wp-content\/plugins\/justified-image-grid\/timthumb.php?src=https%3A%2F%2Fwww.femtielva.se%2Fwp-content%2Fgallery%2Fskapelser%2Fsterio-2a.jpg&amp;h=230&amp;q=80&amp;f=.jpg\" alt=\"sterio #2\" width=\"328\" height=\"230\" \/><\/a><p class=\"jig-HTMLdescription\">sterio #2<br\/>Revox, AR, Crown och Bose - inte s\u00e5 pj\u00e5kigt p\u00e5 60-talet<\/p><\/li><li><a href=\"https:\/\/www.femtielva.se\/wp-content\/gallery\/skapelser\/sterio-3a.jpg\" title=\"En sterio som ansl\u00f6t till befintlig hyllmodell.\"><img loading=\"lazy\" decoding=\"async\" src=\"https:\/\/www.femtielva.se\/wp-content\/plugins\/justified-image-grid\/timthumb.php?src=https%3A%2F%2Fwww.femtielva.se%2Fwp-content%2Fgallery%2Fskapelser%2Fsterio-3a.jpg&amp;h=230&amp;q=80&amp;f=.jpg\" alt=\"sterio #3a\" width=\"311\" height=\"230\" \/><\/a><p class=\"jig-HTMLdescription\">sterio #3a<br\/>En sterio som ansl\u00f6t till befintlig hyllmodell.<\/p><\/li><li><a href=\"https:\/\/www.femtielva.se\/wp-content\/gallery\/skapelser\/telefon.jpg\" title=\"telefon\"><img loading=\"lazy\" decoding=\"async\" src=\"https:\/\/www.femtielva.se\/wp-content\/plugins\/justified-image-grid\/timthumb.php?src=https%3A%2F%2Fwww.femtielva.se%2Fwp-content%2Fgallery%2Fskapelser%2Ftelefon.jpg&amp;h=230&amp;q=80&amp;f=.jpg\" alt=\"v\u00e4ggtelefon mod 66\" width=\"150\" height=\"230\" \/><\/a><p class=\"jig-HTMLdescription\">v\u00e4ggtelefon mod 66<br\/>telefon<\/p><\/li><li><a href=\"https:\/\/www.femtielva.se\/wp-content\/gallery\/skapelser\/sterio-3b.jpg\" title=\"del 2 av sterion med egenutvecklad styrenhet f\u00f6r lysen mm.\"><img loading=\"lazy\" decoding=\"async\" src=\"https:\/\/www.femtielva.se\/wp-content\/plugins\/justified-image-grid\/timthumb.php?src=https%3A%2F%2Fwww.femtielva.se%2Fwp-content%2Fgallery%2Fskapelser%2Fsterio-3b.jpg&amp;h=230&amp;q=80&amp;f=.jpg\" alt=\"sterio #3b\" width=\"149\" height=\"230\" \/><\/a><p class=\"jig-HTMLdescription\">sterio #3b<br\/>del 2 av sterion med egenutvecklad styrenhet f\u00f6r lysen mm.<\/p><\/li><li><a href=\"https:\/\/www.femtielva.se\/wp-content\/gallery\/skapelser\/bildorr.jpg\" title=\"med min fina innerd\u00f6rr. En oslagbart bra bilaff\u00e4r.\"><img loading=\"lazy\" decoding=\"async\" src=\"https:\/\/www.femtielva.se\/wp-content\/plugins\/justified-image-grid\/timthumb.php?src=https%3A%2F%2Fwww.femtielva.se%2Fwp-content%2Fgallery%2Fskapelser%2Fbildorr.jpg&amp;h=230&amp;q=80&amp;f=.jpg\" alt=\"Uno Turbo\" width=\"325\" height=\"230\" \/><\/a><p class=\"jig-HTMLdescription\">Uno Turbo<br\/>med min fina innerd\u00f6rr. En oslagbart bra bilaff\u00e4r.<\/p><\/li><li><a href=\"https:\/\/www.femtielva.se\/wp-content\/gallery\/skapelser\/DSCN1773.jpg\" title=\"DSCN1773\"><img loading=\"lazy\" decoding=\"async\" src=\"https:\/\/www.femtielva.se\/wp-content\/plugins\/justified-image-grid\/timthumb.php?src=https%3A%2F%2Fwww.femtielva.se%2Fwp-content%2Fgallery%2Fskapelser%2FDSCN1773.jpg&amp;h=230&amp;q=80&amp;f=.jpg\" alt=\"byr\u00e5 i blivande\" width=\"306\" height=\"230\" \/><\/a><p class=\"jig-HTMLdescription\">byr\u00e5 i blivande<br\/>DSCN1773<\/p><\/li><li><a href=\"https:\/\/www.femtielva.se\/wp-content\/gallery\/skapelser\/DSCN1808.jpg\" title=\"DSCN1808\"><img loading=\"lazy\" decoding=\"async\" src=\"https:\/\/www.femtielva.se\/wp-content\/plugins\/justified-image-grid\/timthumb.php?src=https%3A%2F%2Fwww.femtielva.se%2Fwp-content%2Fgallery%2Fskapelser%2FDSCN1808.jpg&amp;h=230&amp;q=80&amp;f=.jpg\" alt=\"blivande byr\u00e5\" width=\"306\" height=\"230\" \/><\/a><p class=\"jig-HTMLdescription\">blivande byr\u00e5<br\/>DSCN1808<\/p><\/li><li><a href=\"https:\/\/www.femtielva.se\/wp-content\/gallery\/skapelser\/DSCN1860.jpg\" title=\"DSCN1860\"><img loading=\"lazy\" decoding=\"async\" src=\"https:\/\/www.femtielva.se\/wp-content\/plugins\/justified-image-grid\/timthumb.php?src=https%3A%2F%2Fwww.femtielva.se%2Fwp-content%2Fgallery%2Fskapelser%2FDSCN1860.jpg&amp;h=230&amp;q=80&amp;f=.jpg\" alt=\"detalj\" width=\"306\" height=\"230\" \/><\/a><p class=\"jig-HTMLdescription\">detalj<br\/>DSCN1860<\/p><\/li><li><a href=\"https:\/\/www.femtielva.se\/wp-content\/gallery\/skapelser\/DSCN1861.jpg\" title=\"DSCN1861\"><img loading=\"lazy\" decoding=\"async\" src=\"https:\/\/www.femtielva.se\/wp-content\/plugins\/justified-image-grid\/timthumb.php?src=https%3A%2F%2Fwww.femtielva.se%2Fwp-content%2Fgallery%2Fskapelser%2FDSCN1861.jpg&amp;h=230&amp;q=80&amp;f=.jpg\" alt=\"detalj\" width=\"306\" height=\"230\" \/><\/a><p class=\"jig-HTMLdescription\">detalj<br\/>DSCN1861<\/p><\/li><li><a href=\"https:\/\/www.femtielva.se\/wp-content\/gallery\/skapelser\/DSCN1859.jpg\" title=\"DSCN1859\"><img loading=\"lazy\" decoding=\"async\" src=\"https:\/\/www.femtielva.se\/wp-content\/plugins\/justified-image-grid\/timthumb.php?src=https%3A%2F%2Fwww.femtielva.se%2Fwp-content%2Fgallery%2Fskapelser%2FDSCN1859.jpg&amp;h=230&amp;q=80&amp;f=.jpg\" alt=\"f\u00e4rdig\" width=\"306\" height=\"230\" \/><\/a><p class=\"jig-HTMLdescription\">f\u00e4rdig<br\/>DSCN1859<\/p><\/li><li><a href=\"https:\/\/www.femtielva.se\/wp-content\/gallery\/skapelser\/DSCN1894.jpg\" title=\"Stommet\"><img loading=\"lazy\" decoding=\"async\" src=\"https:\/\/www.femtielva.se\/wp-content\/plugins\/justified-image-grid\/timthumb.php?src=https%3A%2F%2Fwww.femtielva.se%2Fwp-content%2Fgallery%2Fskapelser%2FDSCN1894.jpg&amp;h=230&amp;q=80&amp;f=.jpg\" alt=\"stolrenovering\" width=\"306\" height=\"230\" \/><\/a><p class=\"jig-HTMLdescription\">stolrenovering<br\/>Stommet<\/p><\/li><li><a href=\"https:\/\/www.femtielva.se\/wp-content\/gallery\/skapelser\/DSCN1895.jpg\" title=\"kompett med unket tyg och stoppning\"><img loading=\"lazy\" decoding=\"async\" src=\"https:\/\/www.femtielva.se\/wp-content\/plugins\/justified-image-grid\/timthumb.php?src=https%3A%2F%2Fwww.femtielva.se%2Fwp-content%2Fgallery%2Fskapelser%2FDSCN1895.jpg&amp;h=230&amp;q=80&amp;f=.jpg\" alt=\"Innan\" width=\"306\" height=\"230\" \/><\/a><p class=\"jig-HTMLdescription\">Innan<br\/>kompett med unket tyg och stoppning<\/p><\/li><li><a href=\"https:\/\/www.femtielva.se\/wp-content\/gallery\/skapelser\/DSCN1882.jpg\" title=\"bort med det gamla\"><img loading=\"lazy\" decoding=\"async\" src=\"https:\/\/www.femtielva.se\/wp-content\/plugins\/justified-image-grid\/timthumb.php?src=https%3A%2F%2Fwww.femtielva.se%2Fwp-content%2Fgallery%2Fskapelser%2FDSCN1882.jpg&amp;h=230&amp;q=80&amp;f=.jpg\" alt=\"under\" width=\"306\" height=\"230\" \/><\/a><p class=\"jig-HTMLdescription\">under<br\/>bort med det gamla<\/p><\/li><li><a href=\"https:\/\/www.femtielva.se\/wp-content\/gallery\/skapelser\/DSCN1905.jpg\" title=\"DSCN1905\"><img loading=\"lazy\" decoding=\"async\" src=\"https:\/\/www.femtielva.se\/wp-content\/plugins\/justified-image-grid\/timthumb.php?src=https%3A%2F%2Fwww.femtielva.se%2Fwp-content%2Fgallery%2Fskapelser%2FDSCN1905.jpg&amp;h=230&amp;q=80&amp;f=.jpg\" alt=\"efter - i skinn\" width=\"306\" height=\"230\" \/><\/a><p class=\"jig-HTMLdescription\">efter - i skinn<br\/>DSCN1905<\/p><\/li><li><a href=\"https:\/\/www.femtielva.se\/wp-content\/gallery\/skapelser\/DSCN1906.jpg\" title=\"DSCN1906\"><img loading=\"lazy\" decoding=\"async\" src=\"https:\/\/www.femtielva.se\/wp-content\/plugins\/justified-image-grid\/timthumb.php?src=https%3A%2F%2Fwww.femtielva.se%2Fwp-content%2Fgallery%2Fskapelser%2FDSCN1906.jpg&amp;h=230&amp;q=80&amp;f=.jpg\" alt=\"efter - i tyg\" width=\"306\" height=\"230\" \/><\/a><p class=\"jig-HTMLdescription\">efter - i tyg<br\/>DSCN1906<\/p><\/li><li><a href=\"https:\/\/www.femtielva.se\/wp-content\/gallery\/skapelser\/PICT0064.jpg\" title=\"PICT0064\"><img loading=\"lazy\" decoding=\"async\" src=\"https:\/\/www.femtielva.se\/wp-content\/plugins\/justified-image-grid\/timthumb.php?src=https%3A%2F%2Fwww.femtielva.se%2Fwp-content%2Fgallery%2Fskapelser%2FPICT0064.jpg&amp;h=230&amp;q=80&amp;f=.jpg\" alt=\"Nytt tyg och b\u00e4ttre stoppning\" width=\"172\" height=\"230\" \/><\/a><p class=\"jig-HTMLdescription\">Nytt tyg och b\u00e4ttre stoppning<br\/>PICT0064<\/p><\/li><li><a href=\"https:\/\/www.femtielva.se\/wp-content\/gallery\/skapelser\/PICT0074.jpg\" title=\"PICT0074\"><img loading=\"lazy\" decoding=\"async\" src=\"https:\/\/www.femtielva.se\/wp-content\/plugins\/justified-image-grid\/timthumb.php?src=https%3A%2F%2Fwww.femtielva.se%2Fwp-content%2Fgallery%2Fskapelser%2FPICT0074.jpg&amp;h=230&amp;q=80&amp;f=.jpg\" alt=\"f\u00e4rdig\" width=\"172\" height=\"230\" \/><\/a><p class=\"jig-HTMLdescription\">f\u00e4rdig<br\/>PICT0074<\/p><\/li><\/ul><\/noscript><\/div>\n<h2>Renovera l\u00e4genheter<\/h2>\n<p>Om man gillar att snickra och skapa \u00e4r l\u00e4genheten ett naturligt objekt att ge sig p\u00e5. Sex olika hem har blivit masserade av mig genom \u00e5ren hittills. Ofta lite dj\u00e4rvare f\u00f6r varje g\u00e5ng.<br \/>\nP\u00e5 bilden \u00e4r det mitt andra jobb man ser en liten del av. Jag gjorde ett helt nytt k\u00f6k och bad, med nya golvbrunnar och dubbel golvv\u00e4rme, el och vatten, bilade in r\u00f6r f\u00f6r b\u00e5de vatten och el och snickrade m\u00f6blerna i den l\u00e4genheten. Sen blev det ett husbygge, en l\u00e4genhet i Norge, ett bostadsr\u00e4ttsradhus och en nytt gammalt hus med standard fr\u00e5n 68 som beh\u00f6vde allt.<\/p>\n<p>&nbsp;<\/p>\n","protected":false},"excerpt":{"rendered":"<p>Skapa och fixa prylar och moj\u00e4nger Med ett litet a och 5or i sl\u00f6jd hade jag f\u00e5tt ett kvitto p\u00e5 att jag var r\u00e4tt bra med h\u00e4nder och fingrar och det var nog vad man f\u00f6rv\u00e4ntade sig med tv\u00e5 f\u00f6r\u00e4ldrar som varit p\u00e5 topp i sin skola i sl\u00f6jd.\u00a0 Men ocks\u00e5 att rita eller kl\u00e4cka &hellip; <a href=\"https:\/\/www.femtielva.se\/?page_id=123\" class=\"more-link\">Forts\u00e4tt l\u00e4sa <span class=\"screen-reader-text\">Skapa, Fixa och Designa<\/span> <span class=\"meta-nav\">&rarr;<\/span><\/a><\/p>\n","protected":false},"author":2,"featured_media":0,"parent":0,"menu_order":0,"comment_status":"open","ping_status":"closed","template":"","meta":{"ngg_post_thumbnail":0,"footnotes":""},"class_list":["post-123","page","type-page","status-publish","hentry"],"_links":{"self":[{"href":"https:\/\/www.femtielva.se\/index.php?rest_route=\/wp\/v2\/pages\/123","targetHints":{"allow":["GET"]}}],"collection":[{"href":"https:\/\/www.femtielva.se\/index.php?rest_route=\/wp\/v2\/pages"}],"about":[{"href":"https:\/\/www.femtielva.se\/index.php?rest_route=\/wp\/v2\/types\/page"}],"author":[{"embeddable":true,"href":"https:\/\/www.femtielva.se\/index.php?rest_route=\/wp\/v2\/users\/2"}],"replies":[{"embeddable":true,"href":"https:\/\/www.femtielva.se\/index.php?rest_route=%2Fwp%2Fv2%2Fcomments&post=123"}],"version-history":[{"count":8,"href":"https:\/\/www.femtielva.se\/index.php?rest_route=\/wp\/v2\/pages\/123\/revisions"}],"predecessor-version":[{"id":4295,"href":"https:\/\/www.femtielva.se\/index.php?rest_route=\/wp\/v2\/pages\/123\/revisions\/4295"}],"wp:attachment":[{"href":"https:\/\/www.femtielva.se\/index.php?rest_route=%2Fwp%2Fv2%2Fmedia&parent=123"}],"curies":[{"name":"wp","href":"https:\/\/api.w.org\/{rel}","templated":true}]}}