{"id":1318,"date":"2014-12-07T17:40:17","date_gmt":"2014-12-07T16:40:17","guid":{"rendered":"http:\/\/localhost:8888\/wordpress\/?page_id=1318"},"modified":"2014-12-20T16:52:46","modified_gmt":"2014-12-20T16:52:46","slug":"skola","status":"publish","type":"page","link":"https:\/\/www.femtielva.se\/?page_id=1318","title":{"rendered":"Bilder &#8211; skoltiden"},"content":{"rendered":"<div id=\"jig1\" class=\"justified-image-grid jig-d928206d44140ceac8b537440b74fdfe jig-preset-1 jig-source-nextgen\"><div class=\"jig-clearfix\"><\/div><noscript id=\"jig1-html\" class=\"justified-image-grid-html\" data-lazy-src=\"skiplazyload\" data-src=\"skipunveillazyload\"><ul><li><a href=\"https:\/\/www.femtielva.se\/wp-content\/gallery\/skolan\/klassG.jpg\" title=\"klassG\"><img loading=\"lazy\" decoding=\"async\" src=\"https:\/\/www.femtielva.se\/wp-content\/plugins\/justified-image-grid\/timthumb.php?src=https%3A%2F%2Fwww.femtielva.se%2Fwp-content%2Fgallery%2Fskolan%2FklassG.jpg&amp;h=450&amp;q=80&amp;f=.jpg\" alt=\"enda klassbilden i gymn.\" width=\"629\" height=\"450\" \/><\/a><p class=\"jig-HTMLdescription\">enda klassbilden i gymn.<br\/>klassG<\/p><\/li><li><a href=\"https:\/\/www.femtielva.se\/wp-content\/gallery\/skolan\/lektion.jpg\" title=\"r\u00f6kning \u00e4r skit - v.s.v\"><img loading=\"lazy\" decoding=\"async\" src=\"https:\/\/www.femtielva.se\/wp-content\/plugins\/justified-image-grid\/timthumb.php?src=https%3A%2F%2Fwww.femtielva.se%2Fwp-content%2Fgallery%2Fskolan%2Flektion.jpg&amp;h=450&amp;q=80&amp;f=.jpg\" alt=\"lektion\" width=\"643\" height=\"450\" \/><\/a><p class=\"jig-HTMLdescription\">lektion<br\/>r\u00f6kning \u00e4r skit - v.s.v<\/p><\/li><li><a href=\"https:\/\/www.femtielva.se\/wp-content\/gallery\/skolan\/murarn.jpg\" title=\"praktik f\u00f6rsta sommaren\"><img loading=\"lazy\" decoding=\"async\" src=\"https:\/\/www.femtielva.se\/wp-content\/plugins\/justified-image-grid\/timthumb.php?src=https%3A%2F%2Fwww.femtielva.se%2Fwp-content%2Fgallery%2Fskolan%2Fmurarn.jpg&amp;h=450&amp;q=80&amp;f=.jpg\" alt=\"murarn\" width=\"643\" height=\"450\" \/><\/a><p class=\"jig-HTMLdescription\">murarn<br\/>praktik f\u00f6rsta sommaren<\/p><\/li><li><a href=\"https:\/\/www.femtielva.se\/wp-content\/gallery\/skolan\/A\u030aso\u0308-28.JPG\"><img loading=\"lazy\" decoding=\"async\" src=\"https:\/\/www.femtielva.se\/wp-content\/plugins\/justified-image-grid\/timthumb.php?src=https%3A%2F%2Fwww.femtielva.se%2Fwp-content%2Fgallery%2Fskolan%2FA%CC%8Aso%CC%88-28.JPG&amp;h=450&amp;q=80&amp;f=.JPG\" alt=\"tankar i luften\" width=\"675\" height=\"450\" \/><\/a><p class=\"jig-HTMLdescription\">tankar i luften<\/p><\/li><li><a href=\"https:\/\/www.femtielva.se\/wp-content\/gallery\/skolan\/A\u030aso\u0308-202.JPG\"><img loading=\"lazy\" decoding=\"async\" src=\"https:\/\/www.femtielva.se\/wp-content\/plugins\/justified-image-grid\/timthumb.php?src=https%3A%2F%2Fwww.femtielva.se%2Fwp-content%2Fgallery%2Fskolan%2FA%CC%8Aso%CC%88-202.JPG&amp;h=450&amp;q=80&amp;f=.JPG\" alt=\"maskinsal p\u00e5 \u00c5s\u00f6\" width=\"675\" height=\"450\" \/><\/a><p class=\"jig-HTMLdescription\">maskinsal p\u00e5 \u00c5s\u00f6<\/p><\/li><li><a href=\"https:\/\/www.femtielva.se\/wp-content\/gallery\/skolan\/a\u030aso\u0308.jpg\"><img loading=\"lazy\" decoding=\"async\" src=\"https:\/\/www.femtielva.se\/wp-content\/plugins\/justified-image-grid\/timthumb.php?src=https%3A%2F%2Fwww.femtielva.se%2Fwp-content%2Fgallery%2Fskolan%2Fa%CC%8Aso%CC%88.jpg&amp;h=450&amp;q=80&amp;f=.jpg\" alt=\"Nybyggda \u00c5s\u00f6 -TG II\" width=\"643\" height=\"450\" \/><\/a><p class=\"jig-HTMLdescription\">Nybyggda \u00c5s\u00f6 -TG II<\/p><\/li><li><a href=\"https:\/\/www.femtielva.se\/wp-content\/gallery\/skolan\/Arve.jpg\" title=\"Var med och utvecklade Micron p\u00e5 Philips\"><img loading=\"lazy\" decoding=\"async\" src=\"https:\/\/www.femtielva.se\/wp-content\/plugins\/justified-image-grid\/timthumb.php?src=https%3A%2F%2Fwww.femtielva.se%2Fwp-content%2Fgallery%2Fskolan%2FArve.jpg&amp;h=450&amp;q=80&amp;f=.jpg\" alt=\"v\u00e5r l\u00e4rare Arve\" width=\"712\" height=\"450\" \/><\/a><p class=\"jig-HTMLdescription\">v\u00e5r l\u00e4rare Arve<br\/>Var med och utvecklade Micron p\u00e5 Philips<\/p><\/li><li><a href=\"https:\/\/www.femtielva.se\/wp-content\/gallery\/skolan\/Fika-Djurga\u030ardsbrunn0.jpg\"><img loading=\"lazy\" decoding=\"async\" src=\"https:\/\/www.femtielva.se\/wp-content\/plugins\/justified-image-grid\/timthumb.php?src=https%3A%2F%2Fwww.femtielva.se%2Fwp-content%2Fgallery%2Fskolan%2FFika-Djurga%CC%8Ardsbrunn0.jpg&amp;h=450&amp;q=80&amp;f=.jpg\" alt=\"Fika Djurga\u030ardsbrunn0\" width=\"674\" height=\"450\" \/><\/a><p class=\"jig-HTMLdescription\">Fika Djurga\u030ardsbrunn0<\/p><\/li><li><a href=\"https:\/\/www.femtielva.se\/wp-content\/gallery\/skolan\/Fika-Djurga\u030ardsbrunn1.jpg\"><img loading=\"lazy\" decoding=\"async\" src=\"https:\/\/www.femtielva.se\/wp-content\/plugins\/justified-image-grid\/timthumb.php?src=https%3A%2F%2Fwww.femtielva.se%2Fwp-content%2Fgallery%2Fskolan%2FFika-Djurga%CC%8Ardsbrunn1.jpg&amp;h=450&amp;q=80&amp;f=.jpg\" alt=\"Fika vid Djurg\u00e5rdsbrunn\" width=\"674\" height=\"450\" \/><\/a><p class=\"jig-HTMLdescription\">Fika vid Djurg\u00e5rdsbrunn<\/p><\/li><li><a href=\"https:\/\/www.femtielva.se\/wp-content\/gallery\/skolan\/fysik.jpg\" title=\"fysik\"><img loading=\"lazy\" decoding=\"async\" src=\"https:\/\/www.femtielva.se\/wp-content\/plugins\/justified-image-grid\/timthumb.php?src=https%3A%2F%2Fwww.femtielva.se%2Fwp-content%2Fgallery%2Fskolan%2Ffysik.jpg&amp;h=450&amp;q=80&amp;f=.jpg\" alt=\"fysiklektion\" width=\"643\" height=\"450\" \/><\/a><p class=\"jig-HTMLdescription\">fysiklektion<br\/>fysik<\/p><\/li><li><a href=\"https:\/\/www.femtielva.se\/wp-content\/gallery\/skolan\/klass1.jpg\" title=\"klass1\"><img loading=\"lazy\" decoding=\"async\" src=\"https:\/\/www.femtielva.se\/wp-content\/plugins\/justified-image-grid\/timthumb.php?src=https%3A%2F%2Fwww.femtielva.se%2Fwp-content%2Fgallery%2Fskolan%2Fklass1.jpg&amp;h=450&amp;q=80&amp;f=.jpg\" alt=\"klass 1\" width=\"682\" height=\"450\" \/><\/a><p class=\"jig-HTMLdescription\">klass 1<br\/>klass1<\/p><\/li><li><a href=\"https:\/\/www.femtielva.se\/wp-content\/gallery\/skolan\/klass2.jpg\" title=\"L\u00e4rare Gunnel Hydbom, Gift med en TV-man Hydbom :-)\"><img loading=\"lazy\" decoding=\"async\" src=\"https:\/\/www.femtielva.se\/wp-content\/plugins\/justified-image-grid\/timthumb.php?src=https%3A%2F%2Fwww.femtielva.se%2Fwp-content%2Fgallery%2Fskolan%2Fklass2.jpg&amp;h=450&amp;q=80&amp;f=.jpg\" alt=\"klass 2\" width=\"726\" height=\"450\" \/><\/a><p class=\"jig-HTMLdescription\">klass 2<br\/>L\u00e4rare Gunnel Hydbom, Gift med en TV-man Hydbom \ud83d\ude42<\/p><\/li><li><a href=\"https:\/\/www.femtielva.se\/wp-content\/gallery\/skolan\/klass3.jpg\" title=\"klass3\"><img loading=\"lazy\" decoding=\"async\" src=\"https:\/\/www.femtielva.se\/wp-content\/plugins\/justified-image-grid\/timthumb.php?src=https%3A%2F%2Fwww.femtielva.se%2Fwp-content%2Fgallery%2Fskolan%2Fklass3.jpg&amp;h=450&amp;q=80&amp;f=.jpg\" alt=\"klass 3\" width=\"628\" height=\"450\" \/><\/a><p class=\"jig-HTMLdescription\">klass 3<br\/>klass3<\/p><\/li><li><a href=\"https:\/\/www.femtielva.se\/wp-content\/gallery\/skolan\/mot_danmark.jpg\" title=\"skolresa mot slutet av 4 \u00e5r\"><img loading=\"lazy\" decoding=\"async\" src=\"https:\/\/www.femtielva.se\/wp-content\/plugins\/justified-image-grid\/timthumb.php?src=https%3A%2F%2Fwww.femtielva.se%2Fwp-content%2Fgallery%2Fskolan%2Fmot_danmark.jpg&amp;h=450&amp;q=80&amp;f=.jpg\" alt=\"mot Danmark\" width=\"643\" height=\"450\" \/><\/a><p class=\"jig-HTMLdescription\">mot Danmark<br\/>skolresa mot slutet av 4 \u00e5r<\/p><\/li><li><a href=\"https:\/\/www.femtielva.se\/wp-content\/gallery\/skolan\/rast-1.jpg\"><img loading=\"lazy\" decoding=\"async\" src=\"https:\/\/www.femtielva.se\/wp-content\/plugins\/justified-image-grid\/timthumb.php?src=https%3A%2F%2Fwww.femtielva.se%2Fwp-content%2Fgallery%2Fskolan%2Frast-1.jpg&amp;h=450&amp;q=80&amp;f=.jpg\" alt=\"rast\" width=\"697\" height=\"450\" \/><\/a><p class=\"jig-HTMLdescription\">rast<\/p><\/li><li><a href=\"https:\/\/www.femtielva.se\/wp-content\/gallery\/skolan\/rast.jpg\" title=\"rast\"><img loading=\"lazy\" decoding=\"async\" src=\"https:\/\/www.femtielva.se\/wp-content\/plugins\/justified-image-grid\/timthumb.php?src=https%3A%2F%2Fwww.femtielva.se%2Fwp-content%2Fgallery%2Fskolan%2Frast.jpg&amp;h=450&amp;q=80&amp;f=.jpg\" alt=\"rast\" width=\"663\" height=\"450\" \/><\/a><p class=\"jig-HTMLdescription\">rast<\/p><\/li><li><a href=\"https:\/\/www.femtielva.se\/wp-content\/gallery\/skolan\/skolresa-1.jpg\"><img loading=\"lazy\" decoding=\"async\" src=\"https:\/\/www.femtielva.se\/wp-content\/plugins\/justified-image-grid\/timthumb.php?src=https%3A%2F%2Fwww.femtielva.se%2Fwp-content%2Fgallery%2Fskolan%2Fskolresa-1.jpg&amp;h=450&amp;q=80&amp;f=.jpg\" alt=\"Zoo &amp; Tuborg\" width=\"673\" height=\"450\" \/><\/a><p class=\"jig-HTMLdescription\">Zoo & Tuborg<\/p><\/li><li><a href=\"https:\/\/www.femtielva.se\/wp-content\/gallery\/skolan\/skolresa-2.jpg\"><img loading=\"lazy\" decoding=\"async\" src=\"https:\/\/www.femtielva.se\/wp-content\/plugins\/justified-image-grid\/timthumb.php?src=https%3A%2F%2Fwww.femtielva.se%2Fwp-content%2Fgallery%2Fskolan%2Fskolresa-2.jpg&amp;h=450&amp;q=80&amp;f=.jpg\" alt=\"Zoo &amp; Tuborg\" width=\"670\" height=\"450\" \/><\/a><p class=\"jig-HTMLdescription\">Zoo & Tuborg<\/p><\/li><li><a href=\"https:\/\/www.femtielva.se\/wp-content\/gallery\/skolan\/skolresa-3.jpg\" title=\"V\u00e5r l\u00e4rare som jag tr\u00e4ffat senare p\u00e5 Ericsson och i KTH-X\"><img loading=\"lazy\" decoding=\"async\" src=\"https:\/\/www.femtielva.se\/wp-content\/plugins\/justified-image-grid\/timthumb.php?src=https%3A%2F%2Fwww.femtielva.se%2Fwp-content%2Fgallery%2Fskolan%2Fskolresa-3.jpg&amp;h=450&amp;q=80&amp;f=.jpg\" alt=\"Zoo &amp; lite Tuborg\" width=\"670\" height=\"450\" \/><\/a><p class=\"jig-HTMLdescription\">Zoo & lite Tuborg<br\/>V\u00e5r l\u00e4rare som jag tr\u00e4ffat senare p\u00e5 Ericsson och i KTH-X<\/p><\/li><li><a href=\"https:\/\/www.femtielva.se\/wp-content\/gallery\/skolan\/A\u030aso\u0308-0.jpg\" title=\"Men jag tog en del uppkast \u00e4nd\u00e5 ...\"><img loading=\"lazy\" decoding=\"async\" src=\"https:\/\/www.femtielva.se\/wp-content\/plugins\/justified-image-grid\/timthumb.php?src=https%3A%2F%2Fwww.femtielva.se%2Fwp-content%2Fgallery%2Fskolan%2FA%CC%8Aso%CC%88-0.jpg&amp;h=450&amp;q=80&amp;f=.jpg\" alt=\"\u00c5s\u00f6s l\u00e4ngta basketlirare\" width=\"299\" height=\"450\" \/><\/a><p class=\"jig-HTMLdescription\">\u00c5s\u00f6s l\u00e4ngta basketlirare<br\/>Men jag tog en del uppkast \u00e4nd\u00e5 ...<\/p><\/li><li><a href=\"https:\/\/www.femtielva.se\/wp-content\/gallery\/skolan\/A\u030aso\u0308-28-1.JPG\"><img loading=\"lazy\" decoding=\"async\" src=\"https:\/\/www.femtielva.se\/wp-content\/plugins\/justified-image-grid\/timthumb.php?src=https%3A%2F%2Fwww.femtielva.se%2Fwp-content%2Fgallery%2Fskolan%2FA%CC%8Aso%CC%88-28-1.JPG&amp;h=450&amp;q=80&amp;f=.JPG\" alt=\"Klasskamrat x 3\" width=\"675\" height=\"450\" \/><\/a><p class=\"jig-HTMLdescription\">Klasskamrat x 3<\/p><\/li><li><a href=\"https:\/\/www.femtielva.se\/wp-content\/gallery\/skolan\/A\u030aso\u0308-100.jpg\"><img loading=\"lazy\" decoding=\"async\" src=\"https:\/\/www.femtielva.se\/wp-content\/plugins\/justified-image-grid\/timthumb.php?src=https%3A%2F%2Fwww.femtielva.se%2Fwp-content%2Fgallery%2Fskolan%2FA%CC%8Aso%CC%88-100.jpg&amp;h=450&amp;q=80&amp;f=.jpg\" alt=\"Klasskamrat\" width=\"674\" height=\"450\" \/><\/a><p class=\"jig-HTMLdescription\">Klasskamrat<\/p><\/li><li><a href=\"https:\/\/www.femtielva.se\/wp-content\/gallery\/skolan\/A\u030aso\u0308-153.jpg\"><img loading=\"lazy\" decoding=\"async\" src=\"https:\/\/www.femtielva.se\/wp-content\/plugins\/justified-image-grid\/timthumb.php?src=https%3A%2F%2Fwww.femtielva.se%2Fwp-content%2Fgallery%2Fskolan%2FA%CC%8Aso%CC%88-153.jpg&amp;h=450&amp;q=80&amp;f=.jpg\" alt=\"Klasskamrat\" width=\"674\" height=\"450\" \/><\/a><p class=\"jig-HTMLdescription\">Klasskamrat<\/p><\/li><li><a href=\"https:\/\/www.femtielva.se\/wp-content\/gallery\/skolan\/A\u030aso\u0308-200.jpg\" title=\"Tekniksal\"><img loading=\"lazy\" decoding=\"async\" src=\"https:\/\/www.femtielva.se\/wp-content\/plugins\/justified-image-grid\/timthumb.php?src=https%3A%2F%2Fwww.femtielva.se%2Fwp-content%2Fgallery%2Fskolan%2FA%CC%8Aso%CC%88-200.jpg&amp;h=450&amp;q=80&amp;f=.jpg\" alt=\"Klasskamrat\" width=\"674\" height=\"450\" \/><\/a><p class=\"jig-HTMLdescription\">Klasskamrat<br\/>Tekniksal<\/p><\/li><li><a href=\"https:\/\/www.femtielva.se\/wp-content\/gallery\/skolan\/A\u030aso\u0308-201.jpg\"><img loading=\"lazy\" decoding=\"async\" src=\"https:\/\/www.femtielva.se\/wp-content\/plugins\/justified-image-grid\/timthumb.php?src=https%3A%2F%2Fwww.femtielva.se%2Fwp-content%2Fgallery%2Fskolan%2FA%CC%8Aso%CC%88-201.jpg&amp;h=450&amp;q=80&amp;f=.jpg\" alt=\"Klasskamrat\" width=\"674\" height=\"450\" \/><\/a><p class=\"jig-HTMLdescription\">Klasskamrat<\/p><\/li><li><a href=\"https:\/\/www.femtielva.se\/wp-content\/gallery\/skolan\/A\u030aso\u0308-250.jpg\"><img loading=\"lazy\" decoding=\"async\" src=\"https:\/\/www.femtielva.se\/wp-content\/plugins\/justified-image-grid\/timthumb.php?src=https%3A%2F%2Fwww.femtielva.se%2Fwp-content%2Fgallery%2Fskolan%2FA%CC%8Aso%CC%88-250.jpg&amp;h=450&amp;q=80&amp;f=.jpg\" alt=\"V\u00e5r Lektor\" width=\"674\" height=\"450\" \/><\/a><p class=\"jig-HTMLdescription\">V\u00e5r Lektor<\/p><\/li><\/ul><\/noscript><\/div>\n","protected":false},"excerpt":{"rendered":"","protected":false},"author":2,"featured_media":0,"parent":0,"menu_order":0,"comment_status":"open","ping_status":"open","template":"","meta":{"ngg_post_thumbnail":0,"footnotes":""},"class_list":["post-1318","page","type-page","status-publish","hentry"],"_links":{"self":[{"href":"https:\/\/www.femtielva.se\/index.php?rest_route=\/wp\/v2\/pages\/1318","targetHints":{"allow":["GET"]}}],"collection":[{"href":"https:\/\/www.femtielva.se\/index.php?rest_route=\/wp\/v2\/pages"}],"about":[{"href":"https:\/\/www.femtielva.se\/index.php?rest_route=\/wp\/v2\/types\/page"}],"author":[{"embeddable":true,"href":"https:\/\/www.femtielva.se\/index.php?rest_route=\/wp\/v2\/users\/2"}],"replies":[{"embeddable":true,"href":"https:\/\/www.femtielva.se\/index.php?rest_route=%2Fwp%2Fv2%2Fcomments&post=1318"}],"version-history":[{"count":4,"href":"https:\/\/www.femtielva.se\/index.php?rest_route=\/wp\/v2\/pages\/1318\/revisions"}],"predecessor-version":[{"id":2932,"href":"https:\/\/www.femtielva.se\/index.php?rest_route=\/wp\/v2\/pages\/1318\/revisions\/2932"}],"wp:attachment":[{"href":"https:\/\/www.femtielva.se\/index.php?rest_route=%2Fwp%2Fv2%2Fmedia&parent=1318"}],"curies":[{"name":"wp","href":"https:\/\/api.w.org\/{rel}","templated":true}]}}