{"id":1498,"date":"2014-12-08T13:32:03","date_gmt":"2014-12-08T14:32:03","guid":{"rendered":"http:\/\/localhost:8888\/wordpress\/?page_id=1498"},"modified":"2015-01-04T15:23:04","modified_gmt":"2015-01-04T16:23:04","slug":"lumpen","status":"publish","type":"page","link":"https:\/\/www.femtielva.se\/?page_id=1498","title":{"rendered":"Bilder &#8211; Lumpen"},"content":{"rendered":"<div id=\"jig1\" class=\"justified-image-grid jig-35a124dd7493520b36e8fac20f55b30d jig-preset-global jig-source-nextgen\"><div class=\"jig-clearfix\"><\/div><noscript id=\"jig1-html\" class=\"justified-image-grid-html\" data-lazy-src=\"skiplazyload\" data-src=\"skipunveillazyload\"><ul><li><a href=\"https:\/\/www.femtielva.se\/wp-content\/gallery\/lumpen\/befodrade-1small.jpg\"><img loading=\"lazy\" decoding=\"async\" src=\"https:\/\/www.femtielva.se\/wp-content\/plugins\/justified-image-grid\/timthumb.php?src=https%3A%2F%2Fwww.femtielva.se%2Fwp-content%2Fgallery%2Flumpen%2Fbefodrade-1small.jpg&amp;h=230&amp;q=80&amp;f=.jpg\" alt=\"befodrad\" width=\"190\" height=\"230\" \/><\/a><p class=\"jig-HTMLdescription\">befodrad<\/p><\/li><li><a href=\"https:\/\/www.femtielva.se\/wp-content\/gallery\/lumpen\/2milamarch-3.jpg\"><img loading=\"lazy\" decoding=\"async\" src=\"https:\/\/www.femtielva.se\/wp-content\/plugins\/justified-image-grid\/timthumb.php?src=https%3A%2F%2Fwww.femtielva.se%2Fwp-content%2Fgallery%2Flumpen%2F2milamarch-3.jpg&amp;h=230&amp;q=80&amp;f=.jpg\" alt=\"tv\u00e5milamarch klar\" width=\"328\" height=\"230\" \/><\/a><p class=\"jig-HTMLdescription\">tv\u00e5milamarch klar<\/p><\/li><li><a href=\"https:\/\/www.femtielva.se\/wp-content\/gallery\/lumpen\/2spica-1.jpg\"><img loading=\"lazy\" decoding=\"async\" src=\"https:\/\/www.femtielva.se\/wp-content\/plugins\/justified-image-grid\/timthumb.php?src=https%3A%2F%2Fwww.femtielva.se%2Fwp-content%2Fgallery%2Flumpen%2F2spica-1.jpg&amp;h=230&amp;q=80&amp;f=.jpg\" alt=\"Spicab\u00e5tar p\u00e5 bes\u00f6k\" width=\"328\" height=\"230\" \/><\/a><p class=\"jig-HTMLdescription\">Spicab\u00e5tar p\u00e5 bes\u00f6k<\/p><\/li><li><a href=\"https:\/\/www.femtielva.se\/wp-content\/gallery\/lumpen\/abc.jpg\" title=\"abc\"><img loading=\"lazy\" decoding=\"async\" src=\"https:\/\/www.femtielva.se\/wp-content\/plugins\/justified-image-grid\/timthumb.php?src=https%3A%2F%2Fwww.femtielva.se%2Fwp-content%2Fgallery%2Flumpen%2Fabc.jpg&amp;h=230&amp;q=80&amp;f=.jpg\" alt=\"Ljus kl\u00e4dsel anbefallt\" width=\"160\" height=\"230\" \/><\/a><p class=\"jig-HTMLdescription\">Ljus kl\u00e4dsel anbefallt<br\/>abc<\/p><\/li><li><a href=\"https:\/\/www.femtielva.se\/wp-content\/gallery\/lumpen\/Bil-934.jpg\"><img loading=\"lazy\" decoding=\"async\" src=\"https:\/\/www.femtielva.se\/wp-content\/plugins\/justified-image-grid\/timthumb.php?src=https%3A%2F%2Fwww.femtielva.se%2Fwp-content%2Fgallery%2Flumpen%2FBil-934.jpg&amp;h=230&amp;q=80&amp;f=.jpg\" alt=\"Terr\u00e4ngbil 934\" width=\"328\" height=\"230\" \/><\/a><p class=\"jig-HTMLdescription\">Terr\u00e4ngbil 934<\/p><\/li><li><a href=\"https:\/\/www.femtielva.se\/wp-content\/gallery\/lumpen\/Bil-RAP.jpg\"><img loading=\"lazy\" decoding=\"async\" src=\"https:\/\/www.femtielva.se\/wp-content\/plugins\/justified-image-grid\/timthumb.php?src=https%3A%2F%2Fwww.femtielva.se%2Fwp-content%2Fgallery%2Flumpen%2FBil-RAP.jpg&amp;h=230&amp;q=80&amp;f=.jpg\" alt=\"RAP - RAdioPersonterr\u00e4ngbil\" width=\"328\" height=\"230\" \/><\/a><p class=\"jig-HTMLdescription\">RAP - RAdioPersonterr\u00e4ngbil<\/p><\/li><li><a href=\"https:\/\/www.femtielva.se\/wp-content\/gallery\/lumpen\/Fja\u0308llen-1-1.jpg\"><img loading=\"lazy\" decoding=\"async\" src=\"https:\/\/www.femtielva.se\/wp-content\/plugins\/justified-image-grid\/timthumb.php?src=https%3A%2F%2Fwww.femtielva.se%2Fwp-content%2Fgallery%2Flumpen%2FFja%CC%88llen-1-1.jpg&amp;h=230&amp;q=80&amp;f=.jpg\" alt=\"Vinterutbildning i \u00c5kersj\u00f6n\" width=\"328\" height=\"230\" \/><\/a><p class=\"jig-HTMLdescription\">Vinterutbildning i \u00c5kersj\u00f6n<\/p><\/li><li><a href=\"https:\/\/www.femtielva.se\/wp-content\/gallery\/lumpen\/Fja\u0308llen-1-2.jpg\"><img loading=\"lazy\" decoding=\"async\" src=\"https:\/\/www.femtielva.se\/wp-content\/plugins\/justified-image-grid\/timthumb.php?src=https%3A%2F%2Fwww.femtielva.se%2Fwp-content%2Fgallery%2Flumpen%2FFja%CC%88llen-1-2.jpg&amp;h=230&amp;q=80&amp;f=.jpg\" alt=\"Vinterutbildning i \u00c5kersj\u00f6n\" width=\"295\" height=\"230\" \/><\/a><p class=\"jig-HTMLdescription\">Vinterutbildning i \u00c5kersj\u00f6n<\/p><\/li><li><a href=\"https:\/\/www.femtielva.se\/wp-content\/gallery\/lumpen\/Fja\u0308llen-4-2.jpg\"><img loading=\"lazy\" decoding=\"async\" src=\"https:\/\/www.femtielva.se\/wp-content\/plugins\/justified-image-grid\/timthumb.php?src=https%3A%2F%2Fwww.femtielva.se%2Fwp-content%2Fgallery%2Flumpen%2FFja%CC%88llen-4-2.jpg&amp;h=230&amp;q=80&amp;f=.jpg\" alt=\"Vinterutbildning i \u00c5kersj\u00f6n\" width=\"328\" height=\"230\" \/><\/a><p class=\"jig-HTMLdescription\">Vinterutbildning i \u00c5kersj\u00f6n<\/p><\/li><li><a href=\"https:\/\/www.femtielva.se\/wp-content\/gallery\/lumpen\/Ho\u0308gvakt-0079.jpg\"><img loading=\"lazy\" decoding=\"async\" src=\"https:\/\/www.femtielva.se\/wp-content\/plugins\/justified-image-grid\/timthumb.php?src=https%3A%2F%2Fwww.femtielva.se%2Fwp-content%2Fgallery%2Flumpen%2FHo%CC%88gvakt-0079.jpg&amp;h=230&amp;q=80&amp;f=.jpg\" alt=\"H\u00f6gvakt post #6\" width=\"175\" height=\"230\" \/><\/a><p class=\"jig-HTMLdescription\">H\u00f6gvakt post #6<\/p><\/li><li><a href=\"https:\/\/www.femtielva.se\/wp-content\/gallery\/lumpen\/ho\u0308gvakt-pa\u030apost6.jpg\"><img loading=\"lazy\" decoding=\"async\" src=\"https:\/\/www.femtielva.se\/wp-content\/plugins\/justified-image-grid\/timthumb.php?src=https%3A%2F%2Fwww.femtielva.se%2Fwp-content%2Fgallery%2Flumpen%2Fho%CC%88gvakt-pa%CC%8Apost6.jpg&amp;h=230&amp;q=80&amp;f=.jpg\" alt=\"H\u00f6gvakt post #6\" width=\"150\" height=\"230\" \/><\/a><p class=\"jig-HTMLdescription\">H\u00f6gvakt post #6<\/p><\/li><li><a href=\"https:\/\/www.femtielva.se\/wp-content\/gallery\/lumpen\/Lumpen-0080.jpg\"><img loading=\"lazy\" decoding=\"async\" src=\"https:\/\/www.femtielva.se\/wp-content\/plugins\/justified-image-grid\/timthumb.php?src=https%3A%2F%2Fwww.femtielva.se%2Fwp-content%2Fgallery%2Flumpen%2FLumpen-0080.jpg&amp;h=230&amp;q=80&amp;f=.jpg\" alt=\"Lumpen\" width=\"312\" height=\"230\" \/><\/a><p class=\"jig-HTMLdescription\">Lumpen<\/p><\/li><li><a href=\"https:\/\/www.femtielva.se\/wp-content\/gallery\/lumpen\/Lumpen-204.jpg\"><img loading=\"lazy\" decoding=\"async\" src=\"https:\/\/www.femtielva.se\/wp-content\/plugins\/justified-image-grid\/timthumb.php?src=https%3A%2F%2Fwww.femtielva.se%2Fwp-content%2Fgallery%2Flumpen%2FLumpen-204.jpg&amp;h=230&amp;q=80&amp;f=.jpg\" alt=\"Lumpen\" width=\"153\" height=\"230\" \/><\/a><p class=\"jig-HTMLdescription\">Lumpen<\/p><\/li><li><a href=\"https:\/\/www.femtielva.se\/wp-content\/gallery\/lumpen\/lv-kanon1.jpg\"><img loading=\"lazy\" decoding=\"async\" src=\"https:\/\/www.femtielva.se\/wp-content\/plugins\/justified-image-grid\/timthumb.php?src=https%3A%2F%2Fwww.femtielva.se%2Fwp-content%2Fgallery%2Flumpen%2Flv-kanon1.jpg&amp;h=230&amp;q=80&amp;f=.jpg\" alt=\"LV-kanon\" width=\"340\" height=\"230\" \/><\/a><p class=\"jig-HTMLdescription\">LV-kanon<\/p><\/li><li><a href=\"https:\/\/www.femtielva.se\/wp-content\/gallery\/lumpen\/lv2-loggo.jpg\"><img loading=\"lazy\" decoding=\"async\" src=\"https:\/\/www.femtielva.se\/wp-content\/plugins\/justified-image-grid\/timthumb.php?src=https%3A%2F%2Fwww.femtielva.se%2Fwp-content%2Fgallery%2Flumpen%2Flv2-loggo.jpg&amp;h=230&amp;q=80&amp;f=.jpg\" alt=\"LV2-loggo (Visby)\" width=\"229\" height=\"230\" \/><\/a><p class=\"jig-HTMLdescription\">LV2-loggo (Visby)<\/p><\/li><li><a href=\"https:\/\/www.femtielva.se\/wp-content\/gallery\/lumpen\/radar_kanon.jpg\" title=\"radar_kanon\"><img loading=\"lazy\" decoding=\"async\" src=\"https:\/\/www.femtielva.se\/wp-content\/plugins\/justified-image-grid\/timthumb.php?src=https%3A%2F%2Fwww.femtielva.se%2Fwp-content%2Fgallery%2Flumpen%2Fradar_kanon.jpg&amp;h=230&amp;q=80&amp;f=.jpg\" alt=\"radar &amp; kanon\" width=\"347\" height=\"230\" \/><\/a><p class=\"jig-HTMLdescription\">radar & kanon<br\/>radar_kanon<\/p><\/li><li><a href=\"https:\/\/www.femtielva.se\/wp-content\/gallery\/lumpen\/radar.jpg\" title=\"radar\"><img loading=\"lazy\" decoding=\"async\" src=\"https:\/\/www.femtielva.se\/wp-content\/plugins\/justified-image-grid\/timthumb.php?src=https%3A%2F%2Fwww.femtielva.se%2Fwp-content%2Fgallery%2Flumpen%2Fradar.jpg&amp;h=230&amp;q=80&amp;f=.jpg\" alt=\"radar\" width=\"331\" height=\"230\" \/><\/a><p class=\"jig-HTMLdescription\">radar<\/p><\/li><li><a href=\"https:\/\/www.femtielva.se\/wp-content\/gallery\/lumpen\/skjuto\u0308vning-1.jpg\"><img loading=\"lazy\" decoding=\"async\" src=\"https:\/\/www.femtielva.se\/wp-content\/plugins\/justified-image-grid\/timthumb.php?src=https%3A%2F%2Fwww.femtielva.se%2Fwp-content%2Fgallery%2Flumpen%2Fskjuto%CC%88vning-1.jpg&amp;h=230&amp;q=80&amp;f=.jpg\" alt=\"p\u00e5 Tofta\" width=\"160\" height=\"230\" \/><\/a><p class=\"jig-HTMLdescription\">p\u00e5 Tofta<\/p><\/li><li><a href=\"https:\/\/www.femtielva.se\/wp-content\/gallery\/lumpen\/skjuto\u0308vning-4.jpg\"><img loading=\"lazy\" decoding=\"async\" src=\"https:\/\/www.femtielva.se\/wp-content\/plugins\/justified-image-grid\/timthumb.php?src=https%3A%2F%2Fwww.femtielva.se%2Fwp-content%2Fgallery%2Flumpen%2Fskjuto%CC%88vning-4.jpg&amp;h=230&amp;q=80&amp;f=.jpg\" alt=\"packa ihop\" width=\"328\" height=\"230\" \/><\/a><p class=\"jig-HTMLdescription\">packa ihop<\/p><\/li><li><a href=\"https:\/\/www.femtielva.se\/wp-content\/gallery\/lumpen\/target-moon.jpg\"><img loading=\"lazy\" decoding=\"async\" src=\"https:\/\/www.femtielva.se\/wp-content\/plugins\/justified-image-grid\/timthumb.php?src=https%3A%2F%2Fwww.femtielva.se%2Fwp-content%2Fgallery%2Flumpen%2Ftarget-moon.jpg&amp;h=230&amp;q=80&amp;f=.jpg\" alt=\"target-moon\" width=\"160\" height=\"230\" \/><\/a><p class=\"jig-HTMLdescription\">target-moon<\/p><\/li><li><a href=\"https:\/\/www.femtielva.se\/wp-content\/gallery\/lumpen\/tja\u0308nstgo\u0308ringskort-1.jpg\"><img loading=\"lazy\" decoding=\"async\" src=\"https:\/\/www.femtielva.se\/wp-content\/plugins\/justified-image-grid\/timthumb.php?src=https%3A%2F%2Fwww.femtielva.se%2Fwp-content%2Fgallery%2Flumpen%2Ftja%CC%88nstgo%CC%88ringskort-1.jpg&amp;h=230&amp;q=80&amp;f=.jpg\" alt=\"tja\u0308nstgo\u0308ringskort-1\" width=\"616\" height=\"230\" \/><\/a><p class=\"jig-HTMLdescription\">tja\u0308nstgo\u0308ringskort-1<\/p><\/li><li><a href=\"https:\/\/www.femtielva.se\/wp-content\/gallery\/lumpen\/upplastad.jpg\" title=\"upplastad\"><img loading=\"lazy\" decoding=\"async\" src=\"https:\/\/www.femtielva.se\/wp-content\/plugins\/justified-image-grid\/timthumb.php?src=https%3A%2F%2Fwww.femtielva.se%2Fwp-content%2Fgallery%2Flumpen%2Fupplastad.jpg&amp;h=230&amp;q=80&amp;f=.jpg\" alt=\"upplastad\" width=\"344\" height=\"230\" \/><\/a><p class=\"jig-HTMLdescription\">upplastad<\/p><\/li><li><a href=\"https:\/\/www.femtielva.se\/wp-content\/gallery\/lumpen\/hemva\u0308rnet.jpg\"><img loading=\"lazy\" decoding=\"async\" src=\"https:\/\/www.femtielva.se\/wp-content\/plugins\/justified-image-grid\/timthumb.php?src=https%3A%2F%2Fwww.femtielva.se%2Fwp-content%2Fgallery%2Flumpen%2Fhemva%CC%88rnet.jpg&amp;h=230&amp;q=80&amp;f=.jpg\" alt=\"hemv\u00e4rnet\" width=\"192\" height=\"230\" \/><\/a><p class=\"jig-HTMLdescription\">hemv\u00e4rnet<\/p><\/li><\/ul><\/noscript><\/div>\n<p>&nbsp;<\/p>\n","protected":false},"excerpt":{"rendered":"<p>&nbsp;<\/p>\n","protected":false},"author":2,"featured_media":0,"parent":0,"menu_order":0,"comment_status":"open","ping_status":"closed","template":"","meta":{"ngg_post_thumbnail":0,"footnotes":""},"class_list":["post-1498","page","type-page","status-publish","hentry"],"_links":{"self":[{"href":"https:\/\/www.femtielva.se\/index.php?rest_route=\/wp\/v2\/pages\/1498","targetHints":{"allow":["GET"]}}],"collection":[{"href":"https:\/\/www.femtielva.se\/index.php?rest_route=\/wp\/v2\/pages"}],"about":[{"href":"https:\/\/www.femtielva.se\/index.php?rest_route=\/wp\/v2\/types\/page"}],"author":[{"embeddable":true,"href":"https:\/\/www.femtielva.se\/index.php?rest_route=\/wp\/v2\/users\/2"}],"replies":[{"embeddable":true,"href":"https:\/\/www.femtielva.se\/index.php?rest_route=%2Fwp%2Fv2%2Fcomments&post=1498"}],"version-history":[{"count":5,"href":"https:\/\/www.femtielva.se\/index.php?rest_route=\/wp\/v2\/pages\/1498\/revisions"}],"predecessor-version":[{"id":2917,"href":"https:\/\/www.femtielva.se\/index.php?rest_route=\/wp\/v2\/pages\/1498\/revisions\/2917"}],"wp:attachment":[{"href":"https:\/\/www.femtielva.se\/index.php?rest_route=%2Fwp%2Fv2%2Fmedia&parent=1498"}],"curies":[{"name":"wp","href":"https:\/\/api.w.org\/{rel}","templated":true}]}}