{"id":5264,"date":"2019-04-18T19:34:02","date_gmt":"2019-04-18T20:34:02","guid":{"rendered":"http:\/\/www.femtielva.se\/?page_id=5264"},"modified":"2019-08-22T09:46:53","modified_gmt":"2019-08-22T10:46:53","slug":"mitt-blackout-kit","status":"publish","type":"page","link":"https:\/\/www.femtielva.se\/?page_id=5264","title":{"rendered":"Mitt &#8221;Blackout Kit&#8221;"},"content":{"rendered":"\n<div class=\"wp-block-image\"><figure class=\"aligncenter\"><img loading=\"lazy\" decoding=\"async\" width=\"1024\" height=\"683\" src=\"https:\/\/www.femtielva.se\/wp-content\/uploads\/2019\/04\/DSCF4857-1024x683.jpg\" alt=\"\" class=\"wp-image-5292\" srcset=\"https:\/\/www.femtielva.se\/wp-content\/uploads\/2019\/04\/DSCF4857.jpg 1024w, https:\/\/www.femtielva.se\/wp-content\/uploads\/2019\/04\/DSCF4857-300x200.jpg 300w, https:\/\/www.femtielva.se\/wp-content\/uploads\/2019\/04\/DSCF4857-768x512.jpg 768w\" sizes=\"auto, (max-width: 1024px) 100vw, 1024px\" \/><\/figure><\/div>\n\n\n<p>&nbsp;<\/p>\n<p>Efter att ha konstaterat att mitt stora fina Solpanelsystem inte ger mig en enda elektron om det blir avbrott i elleveransen via n\u00e4tet och man har f\u00f6revisats allt som inte kommer att fungera d\u00e5 p\u00e5 SVT, har jag satt ihop ett lite system f\u00f6r den h\u00e4ndelsen. Man skall ju ha n\u00e5got att bry sig om.<\/p>\n<p>Det best\u00e5r av en 300W panel, en solpanelsladdare (PV-Regulatorn), ett st\u00f6rre AGM-batteri (Absorbed Glas Mat.) p\u00e5 105 Ah samt en CTEK laddare p\u00e5 10 A som ser till att batteriet m\u00e5r bra medan det finns str\u00f6m i v\u00e4ggen. Till detta beh\u00f6vs en 12V DC till 230 V AC omvandlare (kallas ofta &#8221;inverter&#8221;, oklart vad den v\u00e4nder upp och ned dock) f\u00f6r att f\u00e5 v\u00e4ggstr\u00f6m. I mitt fall en p\u00e5 600 W ren sinus kontinueligt och det dubbla under 1\/3 sekund. Batteriet ger ju stabil 12V som mindre batteriladdare och USB-laddare kan k\u00f6ras direkt p\u00e5.<\/p>\n<p><a href=\"https:\/\/www.femtielva.se\/wp-content\/uploads\/2019\/04\/DSCF4858.jpg\"><img loading=\"lazy\" decoding=\"async\" class=\"wp-image-5293 alignright\" src=\"https:\/\/www.femtielva.se\/wp-content\/uploads\/2019\/04\/DSCF4858.jpg\" alt=\"\" width=\"321\" height=\"481\" srcset=\"https:\/\/www.femtielva.se\/wp-content\/uploads\/2019\/04\/DSCF4858.jpg 683w, https:\/\/www.femtielva.se\/wp-content\/uploads\/2019\/04\/DSCF4858-200x300.jpg 200w\" sizes=\"auto, (max-width: 321px) 100vw, 321px\" \/><\/a><\/p>\n<p>Tanken \u00e4r att kunna driva kylen\/frysen, ge lite lyse och ladda batterier lite varstans.<br>F\u00f6rst skall utr\u00f6nas hur mycket eller snarare hur l\u00e4nge frysen kan g\u00e5 p\u00e5 en batteriladdning. Sedan om en solpanel kan h\u00e5lla j\u00e4mna steg med det eller i alla fall hur l\u00e4nge det kan r\u00e4cka.<\/p>\n<p>Kyl\/frysen drar ca 85 W n\u00e4r kompressorn g\u00e5r. 7,5 A mot 105 Ah ger ju en hyfsad g\u00e5ngtid kan man tro. Vi testar&#8230;<\/p>\n<p><strong>Test #1:<\/strong> koppla in kylen och v\u00e4nta att den startar kompressorn. Det var som f-n, kompressorn drar 85W n\u00e4r den g\u00e5r men den l\u00f6ser ut invertern p\u00e5 600W, 1200W intermittent (0,3 sec). Energim\u00e4taren jag hade inkopplad f\u00f6rut visade +1100W vilket jag betecknade som \u201dett felv\u00e4rde\u201d. De p\u00e5stods n\u00e5gonstans att man kan drabbas av en kort startstr\u00f6m p\u00e5 5-6 g\u00e5nger g\u00e5ngstr\u00f6mmen, men detta var ju bort\u00e5t 15 g\u00e5nger mer. Nu f\u00e5r jag skaffa fakta vilket kr\u00e4ver nya m\u00e4tverktyg.<\/p>\n<p><strong>Insikt #1<\/strong>: Det \u00e4r inte inverter i f\u00f6rsta hand. Det \u00e4r PV-laddarens str\u00f6mgr\u00e4ns p\u00e5 30 A som g\u00e4ller b\u00e5de laddstr\u00f6m och laststr\u00f6m. L\u00f6sningen blir att mata invertern direkt fr\u00e5n batteriet. Det inneb\u00e4r att laddarens skydd mot djupurladdning f\u00f6rsvinner, men det blir aktuellt f\u00f6rst vid str\u00f6mavbrott. Man har st\u00e4ndig monitorerna av batterisp\u00e4nningen \u00e5tminst\u00e5nde.<\/p>\n<p><strong>\u00c4ndring #1<\/strong>: nytt kablage mellan batteri, PV-laddare och inverter med en ny s\u00e4kring f\u00f6r invertern p\u00e5 60A som inte skyddas av PV-laddaren l\u00e4ngre.&nbsp; Men invertern har vissa skydd den med. Skydd mot djupurladdning, bryter vid 10,5 V&nbsp; och har \u00f6verhettnings och kortslutningsskydd med automatisk \u00e5terinkoppling efter en stund.<\/p>\n<p><strong>Test #2: <\/strong>Kopplar in kyl\/frysen p\u00e5 invertern. Det verkar fungera s\u00e5 l\u00e4nge jag st\u00e5r d\u00e4r och \u00f6vervakar, men n\u00e4r jag l\u00e4mnar det och \u00e5terkommer n\u00e5gra timmar senare tinar frysen. Vi f\u00e5r inv\u00e4nta b\u00e4ttre m\u00e4tverktyg och fundera p\u00e5 en str\u00f6mbegr\u00e4nsare.<\/p>\n<p>Blev p\u00e5mind om komponenten <em>varistor<\/em> som \u00e4r vanlig som transientskydd. Men den fungerar som en shunt tv\u00e4rs \u00f6ver matningen och fungerar som en mycket snabbt inkopplad energislukare f\u00f6r korta \u00f6gonblick. Det minskar ju inte vad den drar ur invertern. Det passar nog b\u00e4ttre p\u00e5 ing\u00e5ngen till k\u00e4nslig elektronik.<\/p>\n<p>T\u00e4nker mig att med en startstr\u00f6m p\u00e5 &lt;7 A \u00e4r enl. R=U\/I \u00e4r R=230\/7 =33\u03a9.<br>Ett seriemotst\u00e5nd p\u00e5 lika mycket halverar str\u00f6mmen.<br>Med en driftstr\u00f6m p\u00e5 0,4A och ett motst\u00e5nd p\u00e5 25\u03a9 blir sp\u00e4nningen U= R*I = 25*0,4= 10 V.&nbsp; D\u00e4rav f\u00f6ljer att effekten \u00f6ver motst\u00e5ndet blir P=U*I -&gt; 10* 0,4= 4W. Mitt gamla surplusmotst\u00e5nd klarar 25W. <br>Allt enligt mitt f\u00f6rst\u00e5nd&nbsp; 50 \u00e5r efter skolan. Vi f\u00e5r kontrollera med en m\u00e4tning.<\/p>\n<p><strong>M\u00e4tning av transient:<br><\/strong>Vi har ett problem <strong>&#8211; <\/strong>minst<strong>. <\/strong><\/p>\n<p>Den <em>v\u00e4nstra bilden<\/em> visar p\u00e5 flera startspikar utan att kompressorn startar (str\u00f6mmen g\u00e5r upp till 0,4+ A) med n\u00e5gra sekunders mellanrum. Detta var med ett 25 Ohms motst\u00e5nd. Den beh\u00f6ver vad det verkar den fulla kraften i startsparken.<\/p>\n<p>I den <em>h\u00f6gra bilden<\/em> fastnar den i fj\u00e4rde f\u00f6rs\u00f6ket med en belastning p\u00e5 600W och d\u00e4rmed &#8221;brann\/poppade&#8221; mitt f\u00f6rkopplingsmotst\u00e5nd p\u00e5 nu 35 Ohm.<\/p>\n<p>En roterande generator hade nog fixat detta men elektronik som \u00e4r gjord f\u00f6r att bryta vid vissa v\u00e4rden har ingen tr\u00f6ghet.<\/p>\n<p>Och det \u00e4r \u00f6verlast\/kortslutningsskyddet i invertern som \u00e4r problemet. Det \u00e4r ju lite l\u00f6jligt att beh\u00f6va ha en inverter som 99,99&#8230; % av sin tid kommer att g\u00e5 p\u00e5 knappt tomg\u00e5ng f\u00f6r att detta skulle fungera.<\/p>\n<div id=\"jig1\" class=\"justified-image-grid jig-99bf0b504505a76b8c748beda39cae97 jig-preset-1 jig-source-nextgen\"><div class=\"jig-clearfix\"><\/div><noscript id=\"jig1-html\" class=\"justified-image-grid-html\" data-lazy-src=\"skiplazyload\" data-src=\"skipunveillazyload\"><ul><li><a href=\"https:\/\/www.femtielva.se\/wp-content\/gallery\/matdata\/IMG_20190504_204132.jpg\" title=\"Startsparkar som inte startat\"><img loading=\"lazy\" decoding=\"async\" src=\"https:\/\/www.femtielva.se\/wp-content\/plugins\/justified-image-grid\/timthumb.php?src=https%3A%2F%2Fwww.femtielva.se%2Fwp-content%2Fgallery%2Fmatdata%2FIMG_20190504_204132.jpg&amp;h=450&amp;q=80&amp;f=.jpg\" alt=\"Fluke log 1\" width=\"600\" height=\"450\" \/><\/a><p class=\"jig-HTMLdescription\">Fluke log 1<br\/>Startsparkar som inte startat<\/p><\/li><li><a href=\"https:\/\/www.femtielva.se\/wp-content\/gallery\/matdata\/IMG_20190505_204136.jpg\" title=\"kompressorn l\u00e5ster sig\"><img loading=\"lazy\" decoding=\"async\" src=\"https:\/\/www.femtielva.se\/wp-content\/plugins\/justified-image-grid\/timthumb.php?src=https%3A%2F%2Fwww.femtielva.se%2Fwp-content%2Fgallery%2Fmatdata%2FIMG_20190505_204136.jpg&amp;h=450&amp;q=80&amp;f=.jpg\" alt=\"Fluke log 2\" width=\"611\" height=\"450\" \/><\/a><p class=\"jig-HTMLdescription\">Fluke log 2<br\/>kompressorn l\u00e5ster sig<\/p><\/li><\/ul><\/noscript><\/div>\n<p><strong>M\u00e4tning och kontroll efter \u00e5tg\u00e4rd:<br><\/strong>Invertern verkar vara problemet lika v\u00e4l. Det \u00e4r inte tillr\u00e4cklig kraft att sparka ig\u00e5ng kompressorn. Inf\u00f6rskaffar en p\u00e5 1500W och det g\u00e5r klockrent. Det visar sig att startstr\u00f6mmen d\u00e5 \u00e4r betydligt mindre&nbsp; \u00e4n tidigare, ca 20% \u00f6ver driftstr\u00f6m. <strong><br><\/strong><\/p>\n<p><strong>M\u00e4tning av hur l\u00e4nge en batteriladdning h\u00e5ller liv i kylen\/frysen:<br><\/strong>10 timmar en mycket varm dag kr\u00e4vde 0,73 kWh energi. De 105 Ah batteriet \u00e4r angivet ha slutar i en f\u00f6r mig ok\u00e4nd sp\u00e4nning och invertern har ett djupurladdingsskydd som kan sl\u00e5 av den innan dessa 105 Ah har dragits ur batteriet. Annars skull det r\u00e4cka till ca 105\/8,5 = ca 12 timmar drift vilket skulle kunna vara mer \u00e4n det dubbla tycker jag f\u00f6r kopressorn g\u00e5r ju inte hela tiden. Det \u00e4r inte s\u00e5 imponerande och inte direkt n\u00e5got ett litet bensindrivet aggregat l\u00f6ser, f\u00f6r den f\u00e5r g\u00e5 fasligt l\u00e4nge p\u00e5 alldeles f\u00f6r l\u00e5g belastning d\u00e5 laddarna inte trycker in mer \u00e4n 8-10 A.<strong><br><\/strong><\/p>\n<p><strong>M\u00e4tning av hur l\u00e4nge solpanelen h\u00e5ller liv i kylen\/frysen:<br><\/strong>H\u00e4r har jag ett helt annat problem f\u00f6r tillf\u00e4llet. Den kabel jag har installerat fr\u00e5n solladdaren till utsidan av huset har ett g\u00e4ng bin eller getingar bitit sig fast p\u00e5 och h\u00e5ller p\u00e5 att bygger en kupa fastklistrad p\u00e5 den. Inte hj\u00e4lpte det att kupan togs bort\/f\u00f6ll av n\u00e4r jag tog ner kabeln f\u00f6r att ansluta panelen. De sv\u00e4rmar runt och bygger upp igen. Men jag f\u00e5r \u00e4ven fixa en b\u00e4ttre st\u00e4llning till panelen innan detta kommer vidare.<strong><br><\/strong><\/p>\n<p>&nbsp;<\/p>\n<p>D\u00e5 jag inte har n\u00e5gon tillr\u00e4ckligt bra yta att s\u00e4tta upp panelen p\u00e5 t\u00e4nker jag att den f\u00e5r st\u00e5 p\u00e5 marken n\u00e4r den anv\u00e4nds och d\u00e5 kan man rikta den mot solens vandring f\u00f6r att f\u00e5 ut mer effekt av en dag.<\/p>\n<p>I v\u00e4rsta fall f\u00e5r ett elverk p\u00e5 bensin hj\u00e4lpa till en stund, men d\u00e4r \u00e4r vi inte \u00e4n.<\/p>\n<p>Till ovanst\u00e5ende skall vi p\u00e5 MSBs anmodan kunna laga mat och h\u00e5lla v\u00e4rmen. Det f\u00e5r ett tv\u00e5l\u00e5gigt spritk\u00f6k (typ b\u00e5tk\u00f6k) och en fotogenbr\u00e4nnare med lite fotogenlampor st\u00e5 f\u00f6r.<\/p>\n<p>Testar \u00e4ven hur l\u00e4nge vatten i en plastdunk kan f\u00f6rbli drickbart. 19:e mars fylldes de. Test efter 4 v = OK. Test efter 7 v = OK.<\/p>\n<p>Dessutom har jag en portabel solpanel f\u00f6r laddning av sm\u00e5 saker och tv\u00e5 batteriradioapparater.<\/p>\n<p>Man skall ha vatten, sprit (helst r\u00e4tt sort som inte sotar), fotogen, och bensin till hands f\u00f6r allt detta. Det kr\u00e4ver viss eftertanke.<\/p>\n<p><strong>Ing\u00e5ngsv\u00e4rden f\u00f6r laddning av blybatterier enl. sakkunskapen<br><\/strong><\/p>\n<p>14,4 V &#8211; startar gasning vid i rumstemperatur<br>13,7 V &#8211; ger en underh\u00e5llsladdning som h\u00e5ller sj\u00e4lvurladdningen st\u00e5ngen.<\/p>\n<div class=\"page\" title=\"Page 7\">\n<div class=\"layoutArea\">\n<div class=\"column\">\n<ul>\n<li>Ett fulladdat batteri har vilosp\u00e4nning p\u00e5 ca 12,7 V, <br><em>mitt AGM batteri h\u00e5ller 12,9 V och det sj\u00e4lvurladdar mindre \u00e4n en tiondels volt p\u00e5 2-3 veckor.<br><\/em><\/li>\n<li>Ett halvladdat batteri har vilosp\u00e4nning p\u00e5 ca 12,2 V&nbsp;<\/li>\n<li>Ett urladdat batteri har vilosp\u00e4nning p\u00e5 ca 11,7 V. Flera enheter har ett skydd mot total urladdning, men det har angetts till mellan 9,5 och 10,5 V.<\/li>\n<\/ul>\n<\/div>\n<div class=\"column\">\n<p>Allt m\u00e4tt efter en 30 min vila av batteriet. <em>Mitt m\u00e4tt efter n\u00e5gra dagar.<\/em><\/p>\n<\/div>\n<\/div>\n<\/div>\n<p><strong>Testar den globala marknaden.<\/strong><\/p>\n<p>S\u00e5 nu har jag vaskat p\u00e5 webben efter lite m\u00e4tinstrument man kan ha r\u00e5d med. Och jag fann lite olika prylar.<\/p>\n<ul>\n<li>Ett portabelt batteridrivet oscillosk\u00e5p med olika till\u00e4ggsfunktioner; Hantek DSO 8060.<\/li>\n<li>En str\u00f6mt\u00e5ng som kopplas till ett visande instrument; Hantek CC-65, denna skall kunna anslutas till b\u00e5de oscillosk\u00e5pet och Fluke\u00b4n.<\/li>\n<li>En frist\u00e5ende Str\u00f6mt\u00e5ng f\u00f6r b\u00e5de AC och DC med min\/max-minne. Att m\u00e4ta DC \u00e4r sv\u00e5rare och dyrare har jag p\u00e5mints om. Hade en analog str\u00f6mt\u00e5ng sedan mycket l\u00e4nge som p\u00e5minde mig om att den bara m\u00e4tte v\u00e4xelstr\u00f6m, AC. Men den gjorde det utan batterier.<\/li>\n<li>Ett l\u00e4tt begagnat loggande multim\u00e4tinstrument; Fluke 289 f\u00f6r max 200 timmar per batteriladdning.<\/li>\n<\/ul>\n<div id=\"jig2\" class=\"justified-image-grid jig-11817615b1286746976ea1ec1ec19680 jig-preset-1 jig-source-nextgen\"><div class=\"jig-clearfix\"><\/div><noscript id=\"jig2-html\" class=\"justified-image-grid-html\" data-lazy-src=\"skiplazyload\" data-src=\"skipunveillazyload\"><ul><li><a href=\"https:\/\/www.femtielva.se\/wp-content\/gallery\/matdata\/Pasted-Graphic-5.png\" title=\"loggande Multimeter\"><img loading=\"lazy\" decoding=\"async\" src=\"https:\/\/www.femtielva.se\/wp-content\/plugins\/justified-image-grid\/timthumb.php?src=https%3A%2F%2Fwww.femtielva.se%2Fwp-content%2Fgallery%2Fmatdata%2FPasted-Graphic-5.png&amp;h=450&amp;q=80&amp;f=.png\" alt=\"Fluke 289\" width=\"293\" height=\"450\" \/><\/a><p class=\"jig-HTMLdescription\">Fluke 289<br\/>loggande Multimeter<\/p><\/li><li><a href=\"https:\/\/www.femtielva.se\/wp-content\/gallery\/matdata\/Pasted-Graphic-2.png\" title=\"Str\u00f6mt\u00e5ng f\u00f6r visande instrument\"><img loading=\"lazy\" decoding=\"async\" src=\"https:\/\/www.femtielva.se\/wp-content\/plugins\/justified-image-grid\/timthumb.php?src=https%3A%2F%2Fwww.femtielva.se%2Fwp-content%2Fgallery%2Fmatdata%2FPasted-Graphic-2.png&amp;h=450&amp;q=80&amp;f=.png\" alt=\"Hantek CC65\" width=\"356\" height=\"450\" \/><\/a><p class=\"jig-HTMLdescription\">Hantek CC65<br\/>Str\u00f6mt\u00e5ng f\u00f6r visande instrument<\/p><\/li><li><a href=\"https:\/\/www.femtielva.se\/wp-content\/gallery\/matdata\/Pasted-Graphic-3.png\" title=\"komplett str\u00f6mt\u00e5ng med min\/max minne\"><img loading=\"lazy\" decoding=\"async\" src=\"https:\/\/www.femtielva.se\/wp-content\/plugins\/justified-image-grid\/timthumb.php?src=https%3A%2F%2Fwww.femtielva.se%2Fwp-content%2Fgallery%2Fmatdata%2FPasted-Graphic-3.png&amp;h=450&amp;q=80&amp;f=.png\" alt=\"MS2109A\" width=\"220\" height=\"450\" \/><\/a><p class=\"jig-HTMLdescription\">MS2109A<br\/>komplett str\u00f6mt\u00e5ng med min\/max minne<\/p><\/li><li><a href=\"https:\/\/www.femtielva.se\/wp-content\/gallery\/matdata\/Pasted-Graphic-4.png\" title=\"Handh\u00e5llet 5 i 1 instrument\"><img loading=\"lazy\" decoding=\"async\" src=\"https:\/\/www.femtielva.se\/wp-content\/plugins\/justified-image-grid\/timthumb.php?src=https%3A%2F%2Fwww.femtielva.se%2Fwp-content%2Fgallery%2Fmatdata%2FPasted-Graphic-4.png&amp;h=450&amp;q=80&amp;f=.png\" alt=\"Hantek 8060\" width=\"402\" height=\"450\" \/><\/a><p class=\"jig-HTMLdescription\">Hantek 8060<br\/>Handh\u00e5llet 5 i 1 instrument<\/p><\/li><li><a href=\"https:\/\/www.femtielva.se\/wp-content\/gallery\/matdata\/flir_20190504T152717.jpg\" title=\"Kontroll av v\u00e4rmen, innan det popade\"><img loading=\"lazy\" decoding=\"async\" src=\"https:\/\/www.femtielva.se\/wp-content\/plugins\/justified-image-grid\/timthumb.php?src=https%3A%2F%2Fwww.femtielva.se%2Fwp-content%2Fgallery%2Fmatdata%2Fflir_20190504T152717.jpg&amp;h=450&amp;q=80&amp;f=.jpg\" alt=\"Flir_1\" width=\"600\" height=\"450\" \/><\/a><p class=\"jig-HTMLdescription\">Flir_1<br\/>Kontroll av v\u00e4rmen, innan det popade<\/p><\/li><\/ul><\/noscript><\/div>\n<p>&nbsp;<\/p>\n<p>Vi f\u00e5r se vad det inneb\u00e4r att handla p\u00e5 <em>ebay<\/em> i v\u00e4st och <em>ali(baba<\/em>) i \u00f6st. Vad man bjuder \u00e4r en sak, vad det kostade p\u00e5 ebay en annan. Det steg rej\u00e4lt med&nbsp; frakt, tull och moms. Detta syns inte f\u00f6rr\u00e4n man har slutf\u00f6rt budgivningen\/k\u00f6pet. P\u00e5 ali skall det vara fri frakt. Det kan bli lite sm\u00e5tt fr\u00e5n olika st\u00e4llen som PostNord s\u00e4kert \u00e4lskar och jag anar att det blir ett paket fr\u00e5n var och en. S\u00e5 blev det:-) 75 kr till Post Nord f\u00f6r varje litet paket.<\/p>\n<p>Man l\u00e4r sig!<\/p>\n<p>ebay\u00b4s kommunikation och uppf\u00f6ljning \u00e4r exemplariskt tydlig.<\/p>\n<p>Ali(baba) har inte svarat p\u00e5 tilltal p\u00e5 flera dagar n\u00e4r jag s\u00f6kt dem. Har inte en korrekt orderkopia. Det strulade med flera varukorgar n\u00e4r jag var i k\u00f6ptagen. Detta berodde p\u00e5 att jag hade tv\u00e5 OLIKA inloggningar ig\u00e5ng samtidigt, genom Googel och FB. Hade samtidigt \u00e4ndrat mailadressen p\u00e5 FB men kom in till slut och d\u00e5 fungerade det bra \u00e4ven d\u00e4r.<\/p>\n<p>&nbsp;<\/p>\n<p>Inte helt gratis blir det.<\/p>\n<ul>\n<li>PV panel 300 W;&nbsp; 2000 kr<\/li>\n<li>Batteri AGM 105Ah;&nbsp;&nbsp; 2300 kr<\/li>\n<li>CTEC laddare 10A;&nbsp;&nbsp; 1500 kr<\/li>\n<li>PV-laddare;&nbsp;&nbsp; 3000 kr<\/li>\n<li>Inverter #1&nbsp;&nbsp; 600W;&nbsp; 1700 kr<\/li>\n<li>Inverter #2&nbsp;&nbsp; 1500W; 3000 kr<\/li>\n<li>Kablar och kopplingar; 350 kr<\/li>\n<li>Div. surplus,&nbsp;&nbsp; 0 kr<\/li>\n<\/ul>\n<p>&nbsp;<\/p>\n<p>&nbsp;<\/p>\n\n\n<p>S\u00e5 h\u00e4r blir det till slut. Panelen h\u00e4nger inkopplad p\u00e5 v\u00e4ggen och ny och st\u00f6rre inverter inkopplad. \u00c5tminst\u00e5nde inga problem med att driva kyl\/frys (en stund), oklart dock hur l\u00e5ng den \u00e4r med olika solinstr\u00e5lning. N\u00e4rmare ett dygn utan n\u00e5gon p\u00e5laddning fr\u00e5n solpanelen vad det verkar. <\/p>\n\n\n<div id=\"jig3\" class=\"justified-image-grid jig-c44eb815abbecf45c91d386357f1cbda jig-preset-1 jig-source-nextgen\"><div class=\"jig-clearfix\"><\/div><noscript id=\"jig3-html\" class=\"justified-image-grid-html\" data-lazy-src=\"skiplazyload\" data-src=\"skipunveillazyload\"><ul><li><a href=\"https:\/\/www.femtielva.se\/wp-content\/gallery\/blackout-kit\/DSCF5723-s.jpg\"><img loading=\"lazy\" decoding=\"async\" src=\"https:\/\/www.femtielva.se\/wp-content\/plugins\/justified-image-grid\/timthumb.php?src=https%3A%2F%2Fwww.femtielva.se%2Fwp-content%2Fgallery%2Fblackout-kit%2FDSCF5723-s.jpg&amp;h=450&amp;q=80&amp;f=.jpg\" alt=\"DSCF5723-s\" width=\"675\" height=\"450\" \/><\/a><p class=\"jig-HTMLdescription\">DSCF5723-s<\/p><\/li><li><a href=\"https:\/\/www.femtielva.se\/wp-content\/gallery\/blackout-kit\/DSCF5773-s.jpg\"><img loading=\"lazy\" decoding=\"async\" src=\"https:\/\/www.femtielva.se\/wp-content\/plugins\/justified-image-grid\/timthumb.php?src=https%3A%2F%2Fwww.femtielva.se%2Fwp-content%2Fgallery%2Fblackout-kit%2FDSCF5773-s.jpg&amp;h=450&amp;q=80&amp;f=.jpg\" alt=\"DSCF5773-s\" width=\"774\" height=\"450\" \/><\/a><p class=\"jig-HTMLdescription\">DSCF5773-s<\/p><\/li><li><a href=\"https:\/\/www.femtielva.se\/wp-content\/gallery\/blackout-kit\/DSCF5775-s.jpg\"><img loading=\"lazy\" decoding=\"async\" src=\"https:\/\/www.femtielva.se\/wp-content\/plugins\/justified-image-grid\/timthumb.php?src=https%3A%2F%2Fwww.femtielva.se%2Fwp-content%2Fgallery%2Fblackout-kit%2FDSCF5775-s.jpg&amp;h=450&amp;q=80&amp;f=.jpg\" alt=\"DSCF5775-s\" width=\"300\" height=\"450\" \/><\/a><p class=\"jig-HTMLdescription\">DSCF5775-s<\/p><\/li><\/ul><\/noscript><\/div>\n\n\n\n<p><\/p>\n","protected":false},"excerpt":{"rendered":"<p>&nbsp; Efter att ha konstaterat att mitt stora fina Solpanelsystem inte ger mig en enda elektron om det blir avbrott i elleveransen via n\u00e4tet och man har f\u00f6revisats allt som inte kommer att fungera d\u00e5 p\u00e5 SVT, har jag satt ihop ett lite system f\u00f6r den h\u00e4ndelsen. Man skall ju ha n\u00e5got att bry sig &hellip; <a href=\"https:\/\/www.femtielva.se\/?page_id=5264\" class=\"more-link\">Forts\u00e4tt l\u00e4sa <span class=\"screen-reader-text\">Mitt &#8221;Blackout Kit&#8221;<\/span> <span class=\"meta-nav\">&rarr;<\/span><\/a><\/p>\n","protected":false},"author":1,"featured_media":0,"parent":123,"menu_order":0,"comment_status":"closed","ping_status":"closed","template":"","meta":{"ngg_post_thumbnail":0,"footnotes":""},"class_list":["post-5264","page","type-page","status-publish","hentry"],"_links":{"self":[{"href":"https:\/\/www.femtielva.se\/index.php?rest_route=\/wp\/v2\/pages\/5264","targetHints":{"allow":["GET"]}}],"collection":[{"href":"https:\/\/www.femtielva.se\/index.php?rest_route=\/wp\/v2\/pages"}],"about":[{"href":"https:\/\/www.femtielva.se\/index.php?rest_route=\/wp\/v2\/types\/page"}],"author":[{"embeddable":true,"href":"https:\/\/www.femtielva.se\/index.php?rest_route=\/wp\/v2\/users\/1"}],"replies":[{"embeddable":true,"href":"https:\/\/www.femtielva.se\/index.php?rest_route=%2Fwp%2Fv2%2Fcomments&post=5264"}],"version-history":[{"count":53,"href":"https:\/\/www.femtielva.se\/index.php?rest_route=\/wp\/v2\/pages\/5264\/revisions"}],"predecessor-version":[{"id":5450,"href":"https:\/\/www.femtielva.se\/index.php?rest_route=\/wp\/v2\/pages\/5264\/revisions\/5450"}],"up":[{"embeddable":true,"href":"https:\/\/www.femtielva.se\/index.php?rest_route=\/wp\/v2\/pages\/123"}],"wp:attachment":[{"href":"https:\/\/www.femtielva.se\/index.php?rest_route=%2Fwp%2Fv2%2Fmedia&parent=5264"}],"curies":[{"name":"wp","href":"https:\/\/api.w.org\/{rel}","templated":true}]}}