{"id":887,"date":"2014-12-07T16:00:01","date_gmt":"2014-12-07T17:00:01","guid":{"rendered":"http:\/\/localhost:8888\/wordpress\/?page_id=885"},"modified":"2015-01-10T22:43:57","modified_gmt":"2015-01-10T23:43:57","slug":"latronix","status":"publish","type":"page","link":"https:\/\/www.femtielva.se\/?page_id=887","title":{"rendered":"Latronix"},"content":{"rendered":"<p><a style=\"font-family: Bitter, Georgia, serif; font-size: 30px; line-height: 1.3;\" href=\"http:\/\/localhost:8888\/wordpress\/wp-content\/uploads\/2014\/12\/latronix-logga1.jpg\"><img decoding=\"async\" class=\"ngg-singlepic ngg-none\" src=\"https:\/\/www.femtielva.se\/wp-content\/gallery\/loggor_-vkort\/latronix-logga.jpg\" alt=\"latronix logga\" \/><\/a><\/p>\n<h2>Latronix AB (1995-96)<\/h2>\n<p><strong>Litet teknikbolag centrerat kring laser,optik och str\u00e5lning.<\/strong><\/p>\n<p>Detta var ett privat\u00e4gt f\u00f6retag p\u00e5 10 personer som tillverkar och s\u00e4ljer laserrelaterad utrustning som riktljus, profil-m\u00e4tsystem och avst\u00e5ndsm\u00e4tare f\u00f6r korta avst\u00e5nd och koldioxidlasrar f\u00f6r sk\u00e4rande\/svetsande\/br\u00e4nnande anv\u00e4ndning. Det var mycket s\u00e5gverk och n\u00e5gra st\u00e5lverk bland kunderna. Man var lite av en laserverkstad f\u00f6r olika projekt till kunderna.<br \/>\nMan hade \u00e4ven en del agenturverksamhet med komponenter fr\u00e5n hela v\u00e4rlden, som Kina, Fj\u00e4rran \u00d6stern, Sovjet, USA och Tyskland. Vi s\u00e5lde bl.a. en gyrostabiliserad handkikare fr\u00e5n Ryssland som gav en helt fantastisk upplevelse n\u00e4r tittade genom den. Man k\u00e4nde det som man blev som en m\u00e5s som sv\u00e4vade i luften.<\/p>\n<div id=\"jig1\" class=\"justified-image-grid jig-e53ce0cf35db1ae3a313816a2525a78d jig-preset-1 jig-source-nextgen\"><div class=\"jig-clearfix\"><\/div><noscript id=\"jig1-html\" class=\"justified-image-grid-html\" data-lazy-src=\"skiplazyload\" data-src=\"skipunveillazyload\"><ul><li><a href=\"https:\/\/www.femtielva.se\/wp-content\/gallery\/loggor_-vkort\/LD6-635.jpg\"><img loading=\"lazy\" decoding=\"async\" src=\"https:\/\/www.femtielva.se\/wp-content\/plugins\/justified-image-grid\/timthumb.php?src=https%3A%2F%2Fwww.femtielva.se%2Fwp-content%2Fgallery%2Floggor_-vkort%2FLD6-635.jpg&amp;h=450&amp;q=80&amp;f=.jpg\" alt=\"LD6-635\" width=\"906\" height=\"450\" \/><\/a><p class=\"jig-HTMLdescription\">LD6-635<\/p><\/li><li><a href=\"https:\/\/www.femtielva.se\/wp-content\/gallery\/loggor_-vkort\/laser_kl3_skylt.jpg\" title=\"laser_kl3_skylt\"><img loading=\"lazy\" decoding=\"async\" src=\"https:\/\/www.femtielva.se\/wp-content\/plugins\/justified-image-grid\/timthumb.php?src=https%3A%2F%2Fwww.femtielva.se%2Fwp-content%2Fgallery%2Floggor_-vkort%2Flaser_kl3_skylt.jpg&amp;h=450&amp;q=80&amp;f=.jpg\" alt=\"laser_kl3_skylt\" width=\"606\" height=\"450\" \/><\/a><p class=\"jig-HTMLdescription\">laser_kl3_skylt<\/p><\/li><\/ul><\/noscript><\/div>\n<p>&nbsp;<\/p>\n<p><strong>Jobbet<\/strong><\/p>\n<p>P\u00e5 Latronix \u00e4r min uppgift att styra upp produktionen p\u00e5 f\u00f6retaget. Det inbegrep ink\u00f6p fr\u00e5n vitt skilda h\u00e5ll i v\u00e4rlden, planering och dokumentation av b\u00e5de arbete, produkt och kunddokumentation.<\/p>\n<p>Ett av v\u00e5ra lite st\u00f6rre projekt var att bygga en m\u00e4tstation f\u00f6r att ha koll p\u00e5 hur man lindade upp fibertr\u00e5d p\u00e5 stora \u201ctr\u00e5drullar\u201d f\u00f6r att dessa sedan skulle monteras i v\u00e4vstolar som kunde var 10 m breda. Det var viktigt att alla rullarna var lindade s\u00e5 att avrullingen gick i \u201csync\u201d. V\u00e4vstolen i fr\u00e5ga v\u00e4vde viror som \u00e4r den duk pappersmaskiner har att l\u00e4gga pappersmassan p\u00e5 f\u00f6r att sedan pressa ut vattnet. Viran kunde\u00a0 \u00e4ven vara av metalltr\u00e5d, och jag l\u00e4rde mig \u00e4ven att om man v\u00e4vde in ett m\u00f6nster blev detta sedan ett vattenm\u00e4rke i det f\u00e4rdiga pappret. F\u00f6retaget i fr\u00e5ga l\u00e5g i Uppsala och hette Nordvira. Det finns inte kvar d\u00e4r mer f\u00f6r man bygger hyreshus d\u00e4r nu. Projektet m\u00f6tte en hel del problem och n\u00e4r jag l\u00e4mnade f\u00f6retaget var det inte helt klart. Vi pr\u00f6vade ocks\u00e5 att sk\u00e4r papperskanten p\u00e5 en tidningspress under g\u00e5ng med en koldioxidlaser. Det var ett gott f\u00f6rs\u00f6k men det resulterade i att det ist\u00e4llet f\u00f6r pappersdamm skapades r\u00f6k till den grad att brandlarmen gick och vi fick avbryt det hela. N\u00e5gon borde pr\u00f6va med en vattenstr\u00e5le ist\u00e4llet.<\/p>\n<p>Under denna tid bodde jag i en husbil och hade egentligen ingen adress, men hade en postl\u00e5da p\u00e5 en stor g\u00e5rd i T\u00e4by. Resten av familjen bodde och verkade i Norge, efter att vi tvingats s\u00e4lja huset efter 26 m\u00e5n utan inkomst. Det var en kall vinter, 20-25 grader i en hel m\u00e5nad och livet var inte helt bra. I skarven finns ett kort mellanspel p\u00e5 ett annat f\u00f6retag, som slutar med att jag s\u00e4ger upp mig dagen innan jag skall k\u00f6pa ett nytt hus \u00e5t oss alla, d\u00e5 jag inser att jag blivit totalt duperad av den chef som lockade \u00f6ver mig, och s\u00e5 var det 6 m\u00e5nader till utan inkomst.<br \/>\nEn stor och dyrk\u00f6pt erfarenhet till att l\u00e4gga till handlingarna.<\/p>\n<p><span style=\"color: #339966;\"><strong>Geo<\/strong><\/span><br \/>\n<span style=\"color: #339966;\"> F\u00f6retaget fanns vid N\u00e4sby Slott i T\u00e4by och de utflykter jobbet gav ledde till K\u00e5rsta och Uppsala.<\/span><\/p>\n<p><strong>Personer jag m\u00f6tte<\/strong><\/p>\n<p>&nbsp;<\/p>\n","protected":false},"excerpt":{"rendered":"<p>Latronix AB (1995-96) Litet teknikbolag centrerat kring laser,optik och str\u00e5lning. Detta var ett privat\u00e4gt f\u00f6retag p\u00e5 10 personer som tillverkar och s\u00e4ljer laserrelaterad utrustning som riktljus, profil-m\u00e4tsystem och avst\u00e5ndsm\u00e4tare f\u00f6r korta avst\u00e5nd och koldioxidlasrar f\u00f6r sk\u00e4rande\/svetsande\/br\u00e4nnande anv\u00e4ndning. Det var mycket s\u00e5gverk och n\u00e5gra st\u00e5lverk bland kunderna. Man var lite av en laserverkstad f\u00f6r olika projekt &hellip; <a href=\"https:\/\/www.femtielva.se\/?page_id=887\" class=\"more-link\">Forts\u00e4tt l\u00e4sa <span class=\"screen-reader-text\">Latronix<\/span> <span class=\"meta-nav\">&rarr;<\/span><\/a><\/p>\n","protected":false},"author":2,"featured_media":0,"parent":0,"menu_order":0,"comment_status":"open","ping_status":"closed","template":"","meta":{"ngg_post_thumbnail":0,"footnotes":""},"class_list":["post-887","page","type-page","status-publish","hentry"],"_links":{"self":[{"href":"https:\/\/www.femtielva.se\/index.php?rest_route=\/wp\/v2\/pages\/887","targetHints":{"allow":["GET"]}}],"collection":[{"href":"https:\/\/www.femtielva.se\/index.php?rest_route=\/wp\/v2\/pages"}],"about":[{"href":"https:\/\/www.femtielva.se\/index.php?rest_route=\/wp\/v2\/types\/page"}],"author":[{"embeddable":true,"href":"https:\/\/www.femtielva.se\/index.php?rest_route=\/wp\/v2\/users\/2"}],"replies":[{"embeddable":true,"href":"https:\/\/www.femtielva.se\/index.php?rest_route=%2Fwp%2Fv2%2Fcomments&post=887"}],"version-history":[{"count":4,"href":"https:\/\/www.femtielva.se\/index.php?rest_route=\/wp\/v2\/pages\/887\/revisions"}],"predecessor-version":[{"id":4219,"href":"https:\/\/www.femtielva.se\/index.php?rest_route=\/wp\/v2\/pages\/887\/revisions\/4219"}],"wp:attachment":[{"href":"https:\/\/www.femtielva.se\/index.php?rest_route=%2Fwp%2Fv2%2Fmedia&parent=887"}],"curies":[{"name":"wp","href":"https:\/\/api.w.org\/{rel}","templated":true}]}}