{"id":888,"date":"2014-12-07T16:00:17","date_gmt":"2014-12-07T17:00:17","guid":{"rendered":"http:\/\/localhost:8888\/wordpress\/?page_id=887"},"modified":"2015-02-01T23:19:10","modified_gmt":"2015-02-02T00:19:10","slug":"ericsson","status":"publish","type":"page","link":"https:\/\/www.femtielva.se\/?page_id=888","title":{"rendered":"Ericsson AB"},"content":{"rendered":"<p><img loading=\"lazy\" decoding=\"async\" class=\"ngg-singlepic ngg-none\" src=\"https:\/\/www.femtielva.se\/wp-content\/gallery\/loggor_-vkort\/tre-korvar.JPG\" alt=\"tre korvar\" width=\"159\" height=\"165\" \/><\/p>\n<h2>Ericsson Radio Access AB (1996-2011)<\/h2>\n<p><strong>Ett stort telecombolag n\u00e4ra dig, eller snarare en del av<\/strong><\/p>\n<p>Ett stycke modern teknikhistoria med sina r\u00f6tter i NMT\u00b4s mobiltelefonsystem och f\u00f6retaget Magnetic som k\u00f6ptes upp av Ericsson 1989 och integrerades i Ericsson AB kring millennieskiftet. F\u00f6retaget gjorde sig k\u00e4nt f\u00f6r att vara skickliga och snabba. Det var Sveriges mest kompetenta radiosnickare. Till dessa hade man tagit hand om Radiofolket fr\u00e5n AGA\/Sonab i G\u00e4vle, Magnetic i Solna, samt i fler v\u00e5ger h\u00e4mtat \u00e5rskullar fr\u00e5n Polens universitet. M\u00e5nga var h\u00e4ngivna radioamat\u00f6rer (f\u00f6rst\u00e5ss). F\u00f6retaget hade egna s\u00e4ljare \u00f6ver st\u00f6rre delen av jorden och vi hade vinstdelning som gav full utdelning n\u00e4stan varje \u00e5r. Det var kul att jobba h\u00e4r f\u00f6r det var gener\u00f6st i goda tider.<br \/>\n<div id=\"jig1\" class=\"justified-image-grid jig-615bc19b3d6e0687c326a4e403057cd0 jig-preset-1 jig-source-nextgen\"><div class=\"jig-clearfix\"><\/div><noscript id=\"jig1-html\" class=\"justified-image-grid-html\" data-lazy-src=\"skiplazyload\" data-src=\"skipunveillazyload\"><ul><li><a href=\"https:\/\/www.femtielva.se\/wp-content\/gallery\/div\/labb.JPG\" title=\"Labben var specifika f\u00f6r vaje systemstandard.\"><img loading=\"lazy\" decoding=\"async\" src=\"https:\/\/www.femtielva.se\/wp-content\/plugins\/justified-image-grid\/timthumb.php?src=https%3A%2F%2Fwww.femtielva.se%2Fwp-content%2Fgallery%2Fdiv%2Flabb.JPG&amp;h=450&amp;q=80&amp;f=.JPG\" alt=\"Labbmilj\u00f6 f\u00f6r GSM\" width=\"600\" height=\"450\" \/><\/a><p class=\"jig-HTMLdescription\">Labbmilj\u00f6 f\u00f6r GSM<br\/>Labben var specifika f\u00f6r vaje systemstandard.<\/p><\/li><li><a href=\"https:\/\/www.femtielva.se\/wp-content\/gallery\/div\/master-fo\u0308r-amato\u0308rer.jpg\" title=\"Radioklubben p\u00e5 Ericsson h\u00f6ll sig med en imponerande mastskog som n\u00e5dde runt jorden.\"><img loading=\"lazy\" decoding=\"async\" src=\"https:\/\/www.femtielva.se\/wp-content\/plugins\/justified-image-grid\/timthumb.php?src=https%3A%2F%2Fwww.femtielva.se%2Fwp-content%2Fgallery%2Fdiv%2Fmaster-fo%CC%88r-amato%CC%88rer.jpg&amp;h=450&amp;q=80&amp;f=.jpg\" alt=\"master f\u00f6r amat\u00f6rer\" width=\"600\" height=\"450\" \/><\/a><p class=\"jig-HTMLdescription\">master f\u00f6r amat\u00f6rer<br\/>Radioklubben p\u00e5 Ericsson h\u00f6ll sig med en imponerande mastskog som n\u00e5dde runt jorden.<\/p><\/li><\/ul><\/noscript><\/div><\/p>\n<p>&nbsp;<\/p>\n<p>Labben varierade under tiden f\u00f6r de olika systemstandarderna, NMT, TACS, AMP, D-AMP, GSM och ren radioutveckling av senaste snitt.<\/p>\n<p>Grafisk identitet \u00e4r viktigt nu f\u00f6r tiden.<br \/>\n<div id=\"jig2\" class=\"justified-image-grid jig-6bd1115dd3396600431fb905e9b66eee jig-preset-1 jig-source-nextgen\"><div class=\"jig-clearfix\"><\/div><noscript id=\"jig2-html\" class=\"justified-image-grid-html\" data-lazy-src=\"skiplazyload\" data-src=\"skipunveillazyload\"><ul><li><a href=\"https:\/\/www.femtielva.se\/wp-content\/gallery\/loggor_-vkort\/e-logga-ny-blue.JPG\"><img loading=\"lazy\" decoding=\"async\" src=\"https:\/\/www.femtielva.se\/wp-content\/plugins\/justified-image-grid\/timthumb.php?src=https%3A%2F%2Fwww.femtielva.se%2Fwp-content%2Fgallery%2Floggor_-vkort%2Fe-logga-ny-blue.JPG&amp;h=450&amp;q=80&amp;f=.JPG\" alt=\"e-logga ny blue\" width=\"393\" height=\"450\" \/><\/a><p class=\"jig-HTMLdescription\">e-logga ny blue<\/p><\/li><li><a href=\"https:\/\/www.femtielva.se\/wp-content\/gallery\/loggor_-vkort\/e-logga-ny.JPG\"><img loading=\"lazy\" decoding=\"async\" src=\"https:\/\/www.femtielva.se\/wp-content\/plugins\/justified-image-grid\/timthumb.php?src=https%3A%2F%2Fwww.femtielva.se%2Fwp-content%2Fgallery%2Floggor_-vkort%2Fe-logga-ny.JPG&amp;h=450&amp;q=80&amp;f=.JPG\" alt=\"e-logga ny\" width=\"366\" height=\"450\" \/><\/a><p class=\"jig-HTMLdescription\">e-logga ny<\/p><\/li><li><a href=\"https:\/\/www.femtielva.se\/wp-content\/gallery\/loggor_-vkort\/Ericsson-E.JPG\"><img loading=\"lazy\" decoding=\"async\" src=\"https:\/\/www.femtielva.se\/wp-content\/plugins\/justified-image-grid\/timthumb.php?src=https%3A%2F%2Fwww.femtielva.se%2Fwp-content%2Fgallery%2Floggor_-vkort%2FEricsson-E.JPG&amp;h=450&amp;q=80&amp;f=.JPG\" alt=\"Ericsson E\" width=\"1190\" height=\"450\" \/><\/a><p class=\"jig-HTMLdescription\">Ericsson E<\/p><\/li><\/ul><\/noscript><\/div><\/p>\n<p>&nbsp;<\/p>\n<h3>Ericsson Radiosystem<\/h3>\n<p>Detta \u00e4r gamla SRA som utvecklats p\u00e5 ett unikt s\u00e4tt fram till mars 2002, i strid mot de h\u00f6gsta chefernas id\u00e9er d\u00e5 det mesta var vad man kallade \u201cscunk works\u201d vilket ledde till att mobiltelefoni blev en produkt. Och p\u00e5 den v\u00e4gen \u00e4r det med de mobiltelefonteknologier som vi idag k\u00e4nner.<\/p>\n<h3>Ericsson Sverige AB<\/h3>\n<p>I mars 2002 samlas \u201calla\u201d Ericss\u00f6ner i ett Sverigebolag. Verksamheten styrs dock via en Business Unit \/ Core Unit struktur,\u00a0 i vilken jag verkade i Core Unit Radio Network Design, CRND och senare BU\u00b4n f\u00f6r mobilsystemutveckling.<\/p>\n<h3>Ericsson Test Environment<\/h3>\n<p>ETE skapades f\u00f6r att f\u00f6rvalta alla Ericssons tillg\u00e5ngar i utvecklings och testlabben \u00f6ver hela v\u00e4rlden. Det var finansiella och juridiska sk\u00e4l som fick styra detta men i mina \u00f6gon var det en d\u00e5lig l\u00f6sning ur m\u00e5nga andra aspekter och det ins\u00e5g man v\u00e4l till slut f\u00f6r man b\u00f6rjade backa tillbaka, dock inte hela v\u00e4gen, och det visar sig p\u00e5 m\u00e5nga s\u00e4tt idag. \u00d6verg\u00e5r med en transfer av de labb jag ansvarar f\u00f6r till ETE, och ETE tas senare tillbaks till Ericsson AB som en intern organisationsgren. Det \u00e4r nog inte slut d\u00e4r heller d\u00e5 det skapar en konstig intern ordning med en kundrelation till ens n\u00e4rmaste kollegor.<\/p>\n<figure id=\"attachment_3410\" aria-describedby=\"caption-attachment-3410\" style=\"width: 650px\" class=\"wp-caption alignnone\"><a href=\"https:\/\/www.femtielva.se\/wp-content\/uploads\/2014\/12\/mobiler.jpg\"><img loading=\"lazy\" decoding=\"async\" class=\"wp-image-3410\" src=\"https:\/\/www.femtielva.se\/wp-content\/uploads\/2014\/12\/mobiler.jpg\" alt=\"mobiler\" width=\"650\" height=\"432\" srcset=\"https:\/\/www.femtielva.se\/wp-content\/uploads\/2014\/12\/mobiler.jpg 1024w, https:\/\/www.femtielva.se\/wp-content\/uploads\/2014\/12\/mobiler-300x199.jpg 300w\" sizes=\"auto, (max-width: 650px) 100vw, 650px\" \/><\/a><figcaption id=\"caption-attachment-3410\" class=\"wp-caption-text\">Lite olika telefoner har det hunnit att bli.<\/figcaption><\/figure>\n<p>&nbsp;<\/p>\n<p><strong>Jobbet<\/strong><\/p>\n<table>\n<tbody>\n<tr>\n<td>\u00a0<a href=\"https:\/\/www.femtielva.se\/wp-content\/uploads\/2014\/11\/vk-sif-1.jpg\"><img loading=\"lazy\" decoding=\"async\" class=\"alignnone wp-image-2927\" src=\"https:\/\/www.femtielva.se\/wp-content\/uploads\/2014\/11\/vk-sif-1.jpg\" alt=\"vk-sif-1\" width=\"343\" height=\"220\" srcset=\"https:\/\/www.femtielva.se\/wp-content\/uploads\/2014\/11\/vk-sif-1.jpg 989w, https:\/\/www.femtielva.se\/wp-content\/uploads\/2014\/11\/vk-sif-1-300x192.jpg 300w\" sizes=\"auto, (max-width: 343px) 100vw, 343px\" \/><\/a><\/td>\n<td><img loading=\"lazy\" decoding=\"async\" class=\"ngg-singlepic ngg-none\" src=\"https:\/\/www.femtielva.se\/wp-content\/gallery\/loggor_-vkort\/vk-Era.jpg\" alt=\"vk-Era\" width=\"257\" height=\"374\" \/><\/td>\n<\/tr>\n<\/tbody>\n<\/table>\n<p>P\u00e5 Ericsson anst\u00e4lls jag som\u00a0ansvarig f\u00f6r ett utvecklingslabb\u00a0f\u00f6r programutveckling till radiobasstationer.\u00a0Arbetet inkluderar administration av utrustning och licenser, viss installation av verktyg i Unix milj\u00f6, support p\u00e5 olika dokumentverktyg, labb-arbete, skapande av interna webbsidor, ansvara f\u00f6r ett antal flyttar av avdelningens utvecklingslabb, mm.<\/p>\n<p>Jag v\u00e4ljs in i SIF\u00b4s klubbstyrelse med tiden. D\u00e5 detta g\u00e5r bra att kombinera med jobbet och jag ombeds ta mer uppdrag tar detta r\u00e4tt mycket av min tid som f\u00f6rhandlare, styrelseledamot och till-lika kass\u00f6r.<\/p>\n<p>Tiden pr\u00e4glas f\u00f6rst av ett abrupt teknik\/systembyte fr\u00e5n 1998 n\u00e4r NMT tv\u00e4rd\u00f6r och under stor del av tiden d\u00e4refter fram till 2001. \u00a0Ericsson startar ett stort kunskapslyft mot IP-tekniken och datal\u00e4nkar till mobilerna. GSM b\u00f6rja etablera sig som en v\u00e4rldsstandard och inte bara en europeisk s\u00e5dan. Flera andra system som vi jobbar med somnar ocks\u00e5 in och Ericsson har m\u00e5nga projekt ig\u00e5ng som inte leder till marknaden. Jag b\u00f6rjar p\u00e5 f\u00f6rst TACS (ett Engelskt system) med NMT st\u00f6d i ett \u201ch\u00f6rn\u201d, sedan skapades en stor organisation som jobbade med ett projekt som inte n\u00e5dde marknaden och lades d\u00e4rf\u00f6r ned. Jag gick d\u00e5 \u00f6ver till\u00a0 TDMA (en teknik som systemen i USA anv\u00e4nde) och sedan GSM organisationen. D\u00e5 genomleve vi \u00e4ven telekombubblans uppbl\u00e5sning och explosion. Som fackligt aktiv gav de m\u00e5nga erfarenheter.<\/p>\n<p>Genom mitt fackliga uppdrag fick jag \u00e4ven en mycket vidare insikt i f\u00f6retagets ageranden inom andra organisationsomr\u00e5den \u00e4n d\u00e4r jag sj\u00e4lv jobbade vilket jag tyckte var mycket givande. Byte av bolag till EAB och ETE sker genom omstruktureringar.<\/p>\n<p>Under \u00e5ren blir min fackliga roll betydande i b\u00e5de klubbstyrelsen, SAM-organisationens styrelse, som MBL-f\u00f6rhandlare och f\u00f6retr\u00e4dare f\u00f6r enskilda medlemmar. \u00c4ven vissa uppdrag f\u00f6r och i Unionen Stockholm, bl.a som kongressombud f\u00f6r avdelningen under den tid d\u00e5 Sif och HTF bearbetar fr\u00e5gan om ett samg\u00e5ende. S\u00e5 det hann bli 3 st kongresser och en 4:e hade det blivit om jag inte hade slutat p\u00e5 Ericsson.\u00a0 Mycket arbete skapas f\u00f6rst\u00e5ss \u00e4ven kring alla de neddragningar och omstruktureringar som skedde.<\/p>\n<p><span style=\"color: #339966;\"><strong>Geografi:<\/strong><\/span><br \/>\n<span style=\"color: #339966;\"> I linjerollen blir det inte s\u00e5 m\u00e5nga resor, men till London blir det en g\u00e5ng. I den fackliga rollen bes\u00f6ker vi flertalet av Ericsons anl\u00e4ggningar i Sverige samt\u00a0Peking\u00a0i Kina,\u00a0New Dehli\u00a0och Chennai\u00a0i Indien samt\u00a0\u00a0Warszawa\u00a0i Polen.<\/span><\/p>\n<p><strong>Personer jag m\u00f6tte<\/strong><\/p>\n<p>V\u00e4ldigt m\u00e5nga chefer fr\u00e5n golvet till h\u00f6gsta niv\u00e5n har det blivit under m\u00e5nga \u00e5r.<\/p>\n","protected":false},"excerpt":{"rendered":"<p>Ericsson Radio Access AB (1996-2011) Ett stort telecombolag n\u00e4ra dig, eller snarare en del av Ett stycke modern teknikhistoria med sina r\u00f6tter i NMT\u00b4s mobiltelefonsystem och f\u00f6retaget Magnetic som k\u00f6ptes upp av Ericsson 1989 och integrerades i Ericsson AB kring millennieskiftet. F\u00f6retaget gjorde sig k\u00e4nt f\u00f6r att vara skickliga och snabba. Det var Sveriges mest &hellip; <a href=\"https:\/\/www.femtielva.se\/?page_id=888\" class=\"more-link\">Forts\u00e4tt l\u00e4sa <span class=\"screen-reader-text\">Ericsson AB<\/span> <span class=\"meta-nav\">&rarr;<\/span><\/a><\/p>\n","protected":false},"author":2,"featured_media":0,"parent":0,"menu_order":0,"comment_status":"open","ping_status":"closed","template":"","meta":{"ngg_post_thumbnail":0,"footnotes":""},"class_list":["post-888","page","type-page","status-publish","hentry"],"_links":{"self":[{"href":"https:\/\/www.femtielva.se\/index.php?rest_route=\/wp\/v2\/pages\/888","targetHints":{"allow":["GET"]}}],"collection":[{"href":"https:\/\/www.femtielva.se\/index.php?rest_route=\/wp\/v2\/pages"}],"about":[{"href":"https:\/\/www.femtielva.se\/index.php?rest_route=\/wp\/v2\/types\/page"}],"author":[{"embeddable":true,"href":"https:\/\/www.femtielva.se\/index.php?rest_route=\/wp\/v2\/users\/2"}],"replies":[{"embeddable":true,"href":"https:\/\/www.femtielva.se\/index.php?rest_route=%2Fwp%2Fv2%2Fcomments&post=888"}],"version-history":[{"count":20,"href":"https:\/\/www.femtielva.se\/index.php?rest_route=\/wp\/v2\/pages\/888\/revisions"}],"predecessor-version":[{"id":4240,"href":"https:\/\/www.femtielva.se\/index.php?rest_route=\/wp\/v2\/pages\/888\/revisions\/4240"}],"wp:attachment":[{"href":"https:\/\/www.femtielva.se\/index.php?rest_route=%2Fwp%2Fv2%2Fmedia&parent=888"}],"curies":[{"name":"wp","href":"https:\/\/api.w.org\/{rel}","templated":true}]}}